{"id":10960,"date":"2020-05-12T16:22:25","date_gmt":"2020-05-12T14:22:25","guid":{"rendered":"https:\/\/arcotest.info\/tilbehoer\/"},"modified":"2021-05-06T17:52:06","modified_gmt":"2021-05-06T15:52:06","slug":"tilbehoer","status":"publish","type":"page","link":"https:\/\/arcotest.info\/da\/tilbehoer\/","title":{"rendered":"Tilbeh\u00f8r"},"content":{"rendered":"\n<div style=\"height:20px\" aria-hidden=\"true\" class=\"wp-block-spacer\"><\/div>\n\n<section class=\"wp-block-uagb-columns uagb-columns__wrap uagb-columns__background-undefined uagb-columns__stack-mobile uagb-columns__valign-undefined uagb-columns__gap-10 alignundefined uagb-block-bc93aa0e\"><div class=\"uagb-columns__overlay\"><\/div><div class=\"uagb-columns__inner-wrap uagb-columns__columns-1\">\n<div class=\"wp-block-uagb-column uagb-column__wrap uagb-column__background-undefined uagb-block-2a3ade08\"><div class=\"uagb-column__overlay\"><\/div><div class=\"uagb-column__inner-wrap\">\n<h2 class=\"wp-block-heading\">Tilbeh\u00f8r<\/h2>\n\n\n\n<p><\/p>\n<\/div><\/div>\n<\/div><\/section>\n\n<div style=\"height:20px\" aria-hidden=\"true\" class=\"wp-block-spacer\"><\/div>\n\n<section class=\"wp-block-uagb-columns uagb-columns__wrap uagb-columns__background-color uagb-columns__stack-mobile uagb-columns__valign-undefined uagb-columns__gap-10 alignundefined uagb-block-d17cf5a1\"><div class=\"uagb-columns__overlay\"><\/div><div class=\"uagb-columns__inner-wrap uagb-columns__columns-3\">\n<div class=\"wp-block-uagb-column uagb-column__wrap uagb-column__background-undefined uagb-block-ade73ea6\"><div class=\"uagb-column__overlay\"><\/div><div class=\"uagb-column__inner-wrap\">\n<figure class=\"wp-block-image size-large\"><img loading=\"lazy\" decoding=\"async\" width=\"800\" height=\"520\" src=\"https:\/\/arcotest.info\/wp-content\/uploads\/2020\/10\/ORGANIC-Koffer.jpg\" alt=\"Transportkuffert\" class=\"wp-image-18610\" srcset=\"https:\/\/arcotest.info\/wp-content\/uploads\/2020\/10\/ORGANIC-Koffer.jpg 800w, https:\/\/arcotest.info\/wp-content\/uploads\/2020\/10\/ORGANIC-Koffer-300x195.jpg 300w, https:\/\/arcotest.info\/wp-content\/uploads\/2020\/10\/ORGANIC-Koffer-150x98.jpg 150w, https:\/\/arcotest.info\/wp-content\/uploads\/2020\/10\/ORGANIC-Koffer-768x499.jpg 768w, https:\/\/arcotest.info\/wp-content\/uploads\/2020\/10\/ORGANIC-Koffer-225x146.jpg 225w, https:\/\/arcotest.info\/wp-content\/uploads\/2020\/10\/ORGANIC-Koffer-50x33.jpg 50w, https:\/\/arcotest.info\/wp-content\/uploads\/2020\/10\/ORGANIC-Koffer-115x75.jpg 115w\" sizes=\"auto, (max-width: 800px) 100vw, 800px\" \/><figcaption>Varenr. 40.20000.8<\/figcaption><\/figure>\n\n\n<h3 class=\"wp-block-heading\">arcotest\u00ae ORGANIC<br\/>Kuffert S\u00c6T &#8211; 8 stk<\/h3>\n\n\n\n<p>Kuffert indhold:<\/p>\n\n\n\n<p>\u2022 ORGANIC kuffert 32 &#8211; 44 mN\/m <br\/>\u2022 Vatpinde<\/p>\n<\/div><\/div>\n\n\n\n<div class=\"wp-block-uagb-column uagb-column__wrap uagb-column__background-undefined uagb-block-11594270\"><div class=\"uagb-column__overlay\"><\/div><div class=\"uagb-column__inner-wrap\">\n<figure class=\"wp-block-image size-large\"><img loading=\"lazy\" decoding=\"async\" width=\"800\" height=\"520\" src=\"https:\/\/arcotest.info\/wp-content\/uploads\/2020\/12\/Koffer-Set-PINK.jpg\" alt=\"Kuffert S&#xC6;T PINK\" class=\"wp-image-19663\" srcset=\"https:\/\/arcotest.info\/wp-content\/uploads\/2020\/12\/Koffer-Set-PINK.jpg 800w, https:\/\/arcotest.info\/wp-content\/uploads\/2020\/12\/Koffer-Set-PINK-300x195.jpg 300w, https:\/\/arcotest.info\/wp-content\/uploads\/2020\/12\/Koffer-Set-PINK-150x98.jpg 150w, https:\/\/arcotest.info\/wp-content\/uploads\/2020\/12\/Koffer-Set-PINK-768x499.jpg 768w, https:\/\/arcotest.info\/wp-content\/uploads\/2020\/12\/Koffer-Set-PINK-225x146.jpg 225w, https:\/\/arcotest.info\/wp-content\/uploads\/2020\/12\/Koffer-Set-PINK-50x33.jpg 50w, https:\/\/arcotest.info\/wp-content\/uploads\/2020\/12\/Koffer-Set-PINK-115x75.jpg 115w\" sizes=\"auto, (max-width: 800px) 100vw, 800px\" \/><figcaption>Varenr. 40.60000.8<\/figcaption><\/figure>\n\n\n<h3 class=\"wp-block-heading\">arcotest\u00ae PINK<br\/>Kuffert S\u00c6T &#8211; 9 stk<\/h3>\n\n\n\n<p>Kuffert indhold:<\/p>\n\n\n\n<p>\u2022 PINK S\u00c6T A 32 &#8211; 44 mN\/m uden b\u00f8rste <br\/>\u2022 arcotestCLEANER 250 ml <br\/>\u2022 Vatpinde<\/p>\n<\/div><\/div>\n\n\n\n<div class=\"wp-block-uagb-column uagb-column__wrap uagb-column__background-undefined uagb-block-49038e22\"><div class=\"uagb-column__overlay\"><\/div><div class=\"uagb-column__inner-wrap\">\n<figure class=\"wp-block-image size-large\"><img loading=\"lazy\" decoding=\"async\" width=\"800\" height=\"520\" src=\"https:\/\/arcotest.info\/wp-content\/uploads\/2020\/12\/Koffer-Set-BLAU.jpg\" alt=\"\" class=\"wp-image-19636\" srcset=\"https:\/\/arcotest.info\/wp-content\/uploads\/2020\/12\/Koffer-Set-BLAU.jpg 800w, https:\/\/arcotest.info\/wp-content\/uploads\/2020\/12\/Koffer-Set-BLAU-300x195.jpg 300w, https:\/\/arcotest.info\/wp-content\/uploads\/2020\/12\/Koffer-Set-BLAU-150x98.jpg 150w, https:\/\/arcotest.info\/wp-content\/uploads\/2020\/12\/Koffer-Set-BLAU-768x499.jpg 768w, https:\/\/arcotest.info\/wp-content\/uploads\/2020\/12\/Koffer-Set-BLAU-225x146.jpg 225w, https:\/\/arcotest.info\/wp-content\/uploads\/2020\/12\/Koffer-Set-BLAU-50x33.jpg 50w, https:\/\/arcotest.info\/wp-content\/uploads\/2020\/12\/Koffer-Set-BLAU-115x75.jpg 115w\" sizes=\"auto, (max-width: 800px) 100vw, 800px\" \/><figcaption>Varenr. 40.30001.8<\/figcaption><\/figure>\n\n\n<h3 class=\"wp-block-heading\">arcotest\u00ae BLUE<br\/>Kuffert S\u00c6T &#8211; 9 stk<\/h3>\n\n\n\n<p>Kuffert indhold:<\/p>\n\n\n\n<p>\u2022 BLUE S\u00c6T A 28 &#8211; 56 mN\/m uden b\u00f8rste<br\/>\u2022 arcotestCLEANER 250 ml <br\/>\u2022 Vatpinde<\/p>\n<\/div><\/div>\n<\/div><\/section>\n\n<section class=\"wp-block-uagb-columns uagb-columns__wrap uagb-columns__background-color uagb-columns__stack-mobile uagb-columns__valign-undefined uagb-columns__gap-10 alignundefined uagb-block-65f47076\"><div class=\"uagb-columns__overlay\"><\/div><div class=\"uagb-columns__inner-wrap uagb-columns__columns-1\">\n<div class=\"wp-block-uagb-column uagb-column__wrap uagb-column__background-color uagb-block-dd9e51fd\"><div class=\"uagb-column__overlay\"><\/div><div class=\"uagb-column__inner-wrap\"><\/div><\/div>\n<\/div><\/section>\n\n<section class=\"wp-block-uagb-columns uagb-columns__wrap uagb-columns__background-color uagb-columns__stack-mobile uagb-columns__valign-undefined uagb-columns__gap-10 alignundefined uagb-block-8700b69c\"><div class=\"uagb-columns__overlay\"><\/div><div class=\"uagb-columns__inner-wrap uagb-columns__columns-3\">\n<div class=\"wp-block-uagb-column uagb-column__wrap uagb-column__background-undefined uagb-block-a01a661d\"><div class=\"uagb-column__overlay\"><\/div><div class=\"uagb-column__inner-wrap\">\n<div class=\"wp-block-image\"><figure class=\"alignleft size-large\"><img loading=\"lazy\" decoding=\"async\" width=\"800\" height=\"520\" src=\"https:\/\/arcotest.info\/wp-content\/uploads\/2020\/10\/ORGANIC-Koffer.jpg\" alt=\"Transportkuffert\" class=\"wp-image-18610\" srcset=\"https:\/\/arcotest.info\/wp-content\/uploads\/2020\/10\/ORGANIC-Koffer.jpg 800w, https:\/\/arcotest.info\/wp-content\/uploads\/2020\/10\/ORGANIC-Koffer-300x195.jpg 300w, https:\/\/arcotest.info\/wp-content\/uploads\/2020\/10\/ORGANIC-Koffer-150x98.jpg 150w, https:\/\/arcotest.info\/wp-content\/uploads\/2020\/10\/ORGANIC-Koffer-768x499.jpg 768w, https:\/\/arcotest.info\/wp-content\/uploads\/2020\/10\/ORGANIC-Koffer-225x146.jpg 225w, https:\/\/arcotest.info\/wp-content\/uploads\/2020\/10\/ORGANIC-Koffer-50x33.jpg 50w, https:\/\/arcotest.info\/wp-content\/uploads\/2020\/10\/ORGANIC-Koffer-115x75.jpg 115w\" sizes=\"auto, (max-width: 800px) 100vw, 800px\" \/><figcaption>Varenr. 40.31800.5<\/figcaption><\/figure><\/div>\n\n\n\n<h3 class=\"wp-block-heading\">arcotest\u00ae ORGANIC transportkuffert<\/h3>\n\n\n\n<p>Vores arcotest\u00ae ORGANIC transportkuffert, lille er blevet <strong>nydesignet<\/strong>. <br\/>Ved fremstillingen af vores gr\u00f8nne kuffert er der blevet givet helt afkald p\u00e5 anvendelse af mineralolie. <br\/>Den best\u00e5r af <strong>93 % b\u00e6redygtige r\u00e5stoffer<\/strong> som glukose, naturlige vokser, mineraler samt naturfibre. <\/p>\n\n\n\n<p><strong>Kufferten er fuldst\u00e6ndigt genanvendelig.<\/strong><\/p>\n\n\n\n<p><\/p>\n\n\n\n<p>Til 7 testbl\u00e6kflasker \u00e0 10 ml <br\/>og en opbevaringshylde til testmarkere (s\u00e6t \u00e0 maks. 4 stk.) eller vatpinde. <br\/>Uden indhold.<\/p>\n<\/div><\/div>\n\n\n\n<div class=\"wp-block-uagb-column uagb-column__wrap uagb-column__background-undefined uagb-block-d1360e70\"><div class=\"uagb-column__overlay\"><\/div><div class=\"uagb-column__inner-wrap\">\n<div class=\"wp-block-image\"><figure class=\"alignleft size-large\"><img loading=\"lazy\" decoding=\"async\" width=\"800\" height=\"520\" src=\"https:\/\/arcotest.info\/wp-content\/uploads\/2020\/12\/Transportkoffer-klein800x520.jpg\" alt=\"transportkuffert\" class=\"wp-image-19758\" srcset=\"https:\/\/arcotest.info\/wp-content\/uploads\/2020\/12\/Transportkoffer-klein800x520.jpg 800w, https:\/\/arcotest.info\/wp-content\/uploads\/2020\/12\/Transportkoffer-klein800x520-300x195.jpg 300w, https:\/\/arcotest.info\/wp-content\/uploads\/2020\/12\/Transportkoffer-klein800x520-150x98.jpg 150w, https:\/\/arcotest.info\/wp-content\/uploads\/2020\/12\/Transportkoffer-klein800x520-768x499.jpg 768w, https:\/\/arcotest.info\/wp-content\/uploads\/2020\/12\/Transportkoffer-klein800x520-225x146.jpg 225w, https:\/\/arcotest.info\/wp-content\/uploads\/2020\/12\/Transportkoffer-klein800x520-50x33.jpg 50w, https:\/\/arcotest.info\/wp-content\/uploads\/2020\/12\/Transportkoffer-klein800x520-115x75.jpg 115w\" sizes=\"auto, (max-width: 800px) 100vw, 800px\" \/><figcaption>Varenr. 40.31800.0<\/figcaption><\/figure><\/div>\n\n\n\n<h3 class=\"wp-block-heading\">Transportkuffert, lille<\/h3>\n\n\n\n<p>Til transport og opbevaring af testbl\u00e6kflasker. <br\/>Ideel til anbringelse af flaskerne under brug.<\/p>\n\n\n\n<p>Til 7 testbl\u00e6kflasker \u00e0 10 ml <br\/>og en opbevaringshylde til testmarkere (s\u00e6t \u00e0 maks. 4 stk.) eller vatpinde. <br\/>Uden indhold.<\/p>\n<\/div><\/div>\n\n\n\n<div class=\"wp-block-uagb-column uagb-column__wrap uagb-column__background-undefined uagb-block-fdffd8dc\"><div class=\"uagb-column__overlay\"><\/div><div class=\"uagb-column__inner-wrap\">\n<div class=\"wp-block-image\"><figure class=\"alignleft size-large\"><img loading=\"lazy\" decoding=\"async\" width=\"800\" height=\"520\" src=\"https:\/\/arcotest.info\/wp-content\/uploads\/2020\/12\/Transportkoffer-gross800x520.jpg\" alt=\"transportkuffert\" class=\"wp-image-19785\" srcset=\"https:\/\/arcotest.info\/wp-content\/uploads\/2020\/12\/Transportkoffer-gross800x520.jpg 800w, https:\/\/arcotest.info\/wp-content\/uploads\/2020\/12\/Transportkoffer-gross800x520-300x195.jpg 300w, https:\/\/arcotest.info\/wp-content\/uploads\/2020\/12\/Transportkoffer-gross800x520-150x98.jpg 150w, https:\/\/arcotest.info\/wp-content\/uploads\/2020\/12\/Transportkoffer-gross800x520-768x499.jpg 768w, https:\/\/arcotest.info\/wp-content\/uploads\/2020\/12\/Transportkoffer-gross800x520-225x146.jpg 225w, https:\/\/arcotest.info\/wp-content\/uploads\/2020\/12\/Transportkoffer-gross800x520-50x33.jpg 50w, https:\/\/arcotest.info\/wp-content\/uploads\/2020\/12\/Transportkoffer-gross800x520-115x75.jpg 115w\" sizes=\"auto, (max-width: 800px) 100vw, 800px\" \/><figcaption>Art. Nr. 40.31900.0<\/figcaption><\/figure><\/div>\n\n\n\n<h3 class=\"wp-block-heading\">Transportkuffert, stor<\/h3>\n\n\n\n<p>Til transport og opbevaring af testbl\u00e6kflasker. <br\/>Ideel til anbringelse af flaskerne under brug.<\/p>\n\n\n\n<p>Til 24 testbl\u00e6kflasker \u00e0 10 ml. <br\/>Uden indhold.<\/p>\n<\/div><\/div>\n<\/div><\/section>\n\n<div style=\"height:20px\" aria-hidden=\"true\" class=\"wp-block-spacer\"><\/div>\n\n<section class=\"wp-block-uagb-columns uagb-columns__wrap uagb-columns__background-undefined uagb-columns__stack-mobile uagb-columns__valign-undefined uagb-columns__gap-10 alignundefined uagb-block-19bce32f\"><div class=\"uagb-columns__overlay\"><\/div><div class=\"uagb-columns__inner-wrap uagb-columns__columns-3\">\n<div class=\"wp-block-uagb-column uagb-column__wrap uagb-column__background-undefined uagb-block-8ebb362e\"><div class=\"uagb-column__overlay\"><\/div><div class=\"uagb-column__inner-wrap\">\n<div class=\"wp-block-image\"><figure class=\"alignleft size-large\"><img loading=\"lazy\" decoding=\"async\" width=\"800\" height=\"520\" src=\"https:\/\/arcotest.info\/wp-content\/uploads\/2020\/02\/Wattesticks-800x520-1.jpg\" alt=\"Vatpinde\" class=\"wp-image-10961\" srcset=\"https:\/\/arcotest.info\/wp-content\/uploads\/2020\/02\/Wattesticks-800x520-1.jpg 800w, https:\/\/arcotest.info\/wp-content\/uploads\/2020\/02\/Wattesticks-800x520-1-300x195.jpg 300w, https:\/\/arcotest.info\/wp-content\/uploads\/2020\/02\/Wattesticks-800x520-1-150x98.jpg 150w, https:\/\/arcotest.info\/wp-content\/uploads\/2020\/02\/Wattesticks-800x520-1-768x499.jpg 768w, https:\/\/arcotest.info\/wp-content\/uploads\/2020\/02\/Wattesticks-800x520-1-225x146.jpg 225w, https:\/\/arcotest.info\/wp-content\/uploads\/2020\/02\/Wattesticks-800x520-1-50x33.jpg 50w, https:\/\/arcotest.info\/wp-content\/uploads\/2020\/02\/Wattesticks-800x520-1-115x75.jpg 115w\" sizes=\"auto, (max-width: 800px) 100vw, 800px\" \/><figcaption>Varenr.. 40.31700.0<\/figcaption><\/figure><\/div>\n\n\n\n<h3 class=\"wp-block-heading\">Vatpinde<\/h3>\n\n\n\n<p>Til p\u00e5f\u00f8ring af testbl\u00e6k. <br\/>Kontrolleret, 100 stk. 15 cm lange. <br\/>Egnet til engangsbrug p\u00e5 uren overflade. <br\/>Optimal h\u00e5ndtering med 250 ml glasflasker.<br\/><\/p>\n<\/div><\/div>\n\n\n\n<div class=\"wp-block-uagb-column uagb-column__wrap uagb-column__background-undefined uagb-block-8321cf45\"><div class=\"uagb-column__overlay\"><\/div><div class=\"uagb-column__inner-wrap\">\n<div class=\"wp-block-image\"><figure class=\"alignleft size-large\"><img loading=\"lazy\" decoding=\"async\" width=\"800\" height=\"520\" src=\"https:\/\/arcotest.info\/wp-content\/uploads\/2019\/05\/Lampe2.jpg\" alt=\"Test lys\" class=\"wp-image-1625\" srcset=\"https:\/\/arcotest.info\/wp-content\/uploads\/2019\/05\/Lampe2.jpg 800w, https:\/\/arcotest.info\/wp-content\/uploads\/2019\/05\/Lampe2-150x98.jpg 150w, https:\/\/arcotest.info\/wp-content\/uploads\/2019\/05\/Lampe2-300x195.jpg 300w, https:\/\/arcotest.info\/wp-content\/uploads\/2019\/05\/Lampe2-768x499.jpg 768w, https:\/\/arcotest.info\/wp-content\/uploads\/2019\/05\/Lampe2-225x146.jpg 225w, https:\/\/arcotest.info\/wp-content\/uploads\/2019\/05\/Lampe2-50x33.jpg 50w, https:\/\/arcotest.info\/wp-content\/uploads\/2019\/05\/Lampe2-115x75.jpg 115w\" sizes=\"auto, (max-width: 800px) 100vw, 800px\" \/><figcaption>Varenr. 40.31600.0<\/figcaption><\/figure><\/div>\n\n\n\n<h3 class=\"wp-block-heading\">Test lys<\/h3>\n\n\n\n<p>For bedre at kunne bestemme testm\u00f8nsteret.<br\/>Til brug i tilf\u00e6lde af lav kontrast mellem m\u00e5leflade og testbl\u00e6k, f.eks. m\u00f8rkt plast \/ m\u00f8rkt bl\u00e6k.<br\/>7 cm lang.<br\/><\/p>\n<\/div><\/div>\n\n\n\n<div class=\"wp-block-uagb-column uagb-column__wrap uagb-column__background-undefined uagb-block-65d6991f\"><div class=\"uagb-column__overlay\"><\/div><div class=\"uagb-column__inner-wrap\">\n<div class=\"wp-block-image\"><figure class=\"alignleft size-full\"><img loading=\"lazy\" decoding=\"async\" width=\"800\" height=\"520\" src=\"https:\/\/arcotest.info\/wp-content\/uploads\/2020\/01\/arcotestCLEANER_.jpg\" alt=\"arcotestCLEANER\" class=\"wp-image-11291\" srcset=\"https:\/\/arcotest.info\/wp-content\/uploads\/2020\/01\/arcotestCLEANER_.jpg 800w, https:\/\/arcotest.info\/wp-content\/uploads\/2020\/01\/arcotestCLEANER_-300x195.jpg 300w, https:\/\/arcotest.info\/wp-content\/uploads\/2020\/01\/arcotestCLEANER_-150x98.jpg 150w, https:\/\/arcotest.info\/wp-content\/uploads\/2020\/01\/arcotestCLEANER_-768x499.jpg 768w, https:\/\/arcotest.info\/wp-content\/uploads\/2020\/01\/arcotestCLEANER_-225x146.jpg 225w, https:\/\/arcotest.info\/wp-content\/uploads\/2020\/01\/arcotestCLEANER_-50x33.jpg 50w, https:\/\/arcotest.info\/wp-content\/uploads\/2020\/01\/arcotestCLEANER_-115x75.jpg 115w\" sizes=\"auto, (max-width: 800px) 100vw, 800px\" \/><figcaption>Varenr. 40.32000.0<\/figcaption><\/figure><\/div>\n\n\n\n<h3 class=\"wp-block-heading\" id=\"block-336401d0-ab60-4493-8cb6-a9d652544007\">arcotestCLEANER<\/h3>\n\n\n\n<p id=\"block-f72203c2-127f-4465-86ed-94eefe1283b9\">er et opl\u00f8sningsmiddel baseret p\u00e5 ethylalkohol. Det har til form\u00e5l at forbedre renligheden p\u00e5 forskellige overflader, s\u00e5som metal, glas og plast. Med testen arcotestCLEANER er det muligt at genanvende testede dele, idet testbl\u00e6kken kan t\u00f8rres af. Da overfladerne er meget forskellige, skal der f\u00f8r hver anvendelse f\u00f8rst foretages en test af, om produktet er egnet hertil.<\/p>\n\n\n\n<ul class=\"wp-block-list\" id=\"block-9c43a93f-5788-43d5-bafa-359a66116cd1\"><li>bedre renlighed pga. overfladereng\u00f8ring<\/li><li>opl\u00f8sningsmiddelsystem baseret p\u00e5 ethylalkohol<\/li><li>ingen forstyrrende lugt<\/li><li>t\u00f8rrer meget hurtigt<\/li><\/ul>\n\n\n<ul class=\"wp-block-list\" id=\"block-0e708b04-0dfb-424c-9cdd-01f050682163\"><li>kan reng\u00f8re i et arbejdstrin og eventuelt \u00f8ge h\u00e6fteevnen<\/li><li>enkel reng\u00f8ring af det benyttede testbl\u00e6k<\/li><li>f\u00e5s i 250 ml aluminiumflasker<\/li><\/ul><\/div><\/div>\n<\/div><\/section>\n","protected":false},"excerpt":{"rendered":"","protected":false},"author":1,"featured_media":0,"parent":0,"menu_order":0,"comment_status":"closed","ping_status":"closed","template":"","meta":{"footnotes":""},"class_list":["post-10960","page","type-page","status-publish","hentry"],"blocksy_meta":{"styles_descriptor":{"styles":{"desktop":"","tablet":"","mobile":""},"google_fonts":[],"version":6}},"featured_image_src":null,"featured_image_src_square":null,"_links":{"self":[{"href":"https:\/\/arcotest.info\/da\/wp-json\/wp\/v2\/pages\/10960","targetHints":{"allow":["GET"]}}],"collection":[{"href":"https:\/\/arcotest.info\/da\/wp-json\/wp\/v2\/pages"}],"about":[{"href":"https:\/\/arcotest.info\/da\/wp-json\/wp\/v2\/types\/page"}],"author":[{"embeddable":true,"href":"https:\/\/arcotest.info\/da\/wp-json\/wp\/v2\/users\/1"}],"replies":[{"embeddable":true,"href":"https:\/\/arcotest.info\/da\/wp-json\/wp\/v2\/comments?post=10960"}],"version-history":[{"count":0,"href":"https:\/\/arcotest.info\/da\/wp-json\/wp\/v2\/pages\/10960\/revisions"}],"wp:attachment":[{"href":"https:\/\/arcotest.info\/da\/wp-json\/wp\/v2\/media?parent=10960"}],"curies":[{"name":"wp","href":"https:\/\/api.w.org\/{rel}","templated":true}]}}