{"id":819,"date":"2018-06-23T09:39:36","date_gmt":"2018-06-23T07:39:36","guid":{"rendered":"https:\/\/arcotest.info\/conditions\/"},"modified":"2020-09-02T09:53:52","modified_gmt":"2020-09-02T07:53:52","slug":"conditions","status":"publish","type":"page","link":"https:\/\/arcotest.info\/es\/conditions\/","title":{"rendered":"Condiciones de uso"},"content":{"rendered":"<ol>\n<li><strong> \u00c0mbito de aplicaci\u00f3n<\/strong><\/li>\n<\/ol>\n<p>&nbsp;<\/p>\n<p>Estas Condiciones Generales se aplican exclusivamente a todos los contratos entre arcotest GmbH y empresarios (\u00a7 14 BGB) y personas jur\u00eddicas de derecho p\u00fablico, a menos que se apliquen condiciones especiales de arcotest GmbH a los servicios. Otros t\u00e9rminos y condiciones no formar\u00e1n parte del contrato, incluso si no nos oponemos expresamente a ellos.<\/p>\n<p>&nbsp;<\/p>\n<ol>\n<li><strong> Precios<\/strong><\/li>\n<\/ol>\n<p>&nbsp;<\/p>\n<p>Salvo acuerdo expreso en contrario, nuestros precios se entienden franco f\u00e1brica. Son precios netos a los que se aplica el impuesto sobre el valor a\u00f1adido por el importe legal correspondiente, siempre que el servicio o la entrega est\u00e9 sujeto al impuesto sobre el valor a\u00f1adido en Alemania.<\/p>\n<p>&nbsp;<\/p>\n<p><strong>III. Plazo de entrega \/ Demora<\/strong><\/p>\n<p>&nbsp;<\/p>\n<p>1) Los plazos de entrega no son vinculantes a menos que se hayan acordado expresamente fechas fijas. 2) La mercanc\u00eda se entrega franco f\u00e1brica por cuenta y riesgo del cliente, a no ser que se haya acordado expresamente otro lugar de entrega. 3) Si Arcotest GmbH se retrasa en la entrega, su responsabilidad por da\u00f1os se limita al valor de la mercanc\u00eda.<\/p>\n<p>&nbsp;<\/p>\n<ol>\n<li><strong> Reserva de propiedad<\/strong><strong>\u2028<\/strong><\/li>\n<\/ol>\n<p>&nbsp;<\/p>\n<p>1) arcotest GmbH se reserva la propiedad de la mercanc\u00eda suministrada hasta el cumplimiento completo de las exigencias del contrato. 2) El cliente tiene derecho a utilizar, explotar o revender los bienes en el curso ordinario de los negocios. Cualquier procesamiento o transformaci\u00f3n del objeto de compra siempre se llevar\u00e1 a cabo para nosotros. Si el objeto de venta se procesa con otros objetos que no nos pertenecen, adquiriremos la copropiedad del nuevo objeto en proporci\u00f3n al valor de la compra con respecto a los otros objetos procesados en el momento del procesamiento. Lo mismo se aplica si el objeto de venta se mezcla con otros objetos. 3) En caso de venta de la mercanc\u00eda, el cliente nos cede sus derechos derivados de la misma. Sigue teniendo derecho a cobrar la reclamaci\u00f3n hasta que sea revocada.<\/p>\n<p>&nbsp;<\/p>\n<ol>\n<li><strong> Garantizar<\/strong><\/li>\n<\/ol>\n<p>&nbsp;<\/p>\n<p>1) Si arcotest GmbH es responsable de un defecto, arcotest GmbH tiene derecho, a su discreci\u00f3n, a reparar el defecto o a entregar un reemplazo. 2) arcotest GmbH s\u00f3lo es responsable de los da\u00f1os causados por un defecto o da\u00f1os consecuentes causados por un defecto en caso de negligencia grave o dolo. Se excluye la responsabilidad por lucro cesante. El alcance de la responsabilidad de arcotest GmbH en virtud de la Ley de responsabilidad por productos defectuosos no se ve afectado.<\/p>\n<p>&nbsp;<\/p>\n<ol>\n<li><strong> Compensaci\u00f3n \/ retenci\u00f3n<\/strong><\/li>\n<\/ol>\n<p>&nbsp;<\/p>\n<p>El cliente no tiene derecho a compensaci\u00f3n o retenci\u00f3n debido a sus propias reclamaciones, que no son indiscutibles o legalmente vinculantes.<\/p>\n<p>&nbsp;<\/p>\n<p><strong>&nbsp;<\/strong><\/p>\n<p><strong>VII. Disposiciones Generales<\/strong><\/p>\n<p>&nbsp;<\/p>\n<p>1) La relaci\u00f3n contractual se rige por el derecho alem\u00e1n. Queda excluida la aplicaci\u00f3n de la Convenci\u00f3n de las Naciones Unidas sobre los Contratos de Compraventa Internacional de Mercader\u00edas (CISG). 2) El lugar de cumplimiento de todos los servicios derivados de la relaci\u00f3n contractual es el domicilio social de arcotest GmbH. 3) El fuero exclusivo para todos los litigios derivados de la relaci\u00f3n contractual es el domicilio social de arcotest GmbH. 4) En caso de nulidad de alguna de las cl\u00e1usulas del contrato, ello no afectar\u00e1 a la validez de las dem\u00e1s cl\u00e1usulas. En este caso, las partes contratantes se comprometen a acordar una disposici\u00f3n que corresponda a la finalidad econ\u00f3mica de la disposici\u00f3n inv\u00e1lida. Lo mismo se aplicar\u00e1 en caso de que se ponga de manifiesto una laguna en la aplicaci\u00f3n del presente Acuerdo que deba subsanarse. M\u00f6nsheim, 2018<\/p>\n","protected":false},"excerpt":{"rendered":"<p>\u00c0mbito de aplicaci\u00f3n &nbsp; Estas Condiciones Generales se aplican exclusivamente a todos los contratos entre arcotest GmbH y empresarios (\u00a7 14 BGB) y personas jur\u00eddicas de derecho p\u00fablico, a menos que se apliquen condiciones especiales de arcotest GmbH a los servicios. Otros t\u00e9rminos y condiciones no formar\u00e1n parte del contrato, incluso si no nos oponemos [&hellip;]<\/p>\n","protected":false},"author":1,"featured_media":0,"parent":0,"menu_order":0,"comment_status":"closed","ping_status":"closed","template":"","meta":{"footnotes":""},"class_list":["post-819","page","type-page","status-publish","hentry"],"blocksy_meta":{"styles_descriptor":{"styles":{"desktop":"","tablet":"","mobile":""},"google_fonts":[],"version":6}},"featured_image_src":null,"featured_image_src_square":null,"_links":{"self":[{"href":"https:\/\/arcotest.info\/es\/wp-json\/wp\/v2\/pages\/819","targetHints":{"allow":["GET"]}}],"collection":[{"href":"https:\/\/arcotest.info\/es\/wp-json\/wp\/v2\/pages"}],"about":[{"href":"https:\/\/arcotest.info\/es\/wp-json\/wp\/v2\/types\/page"}],"author":[{"embeddable":true,"href":"https:\/\/arcotest.info\/es\/wp-json\/wp\/v2\/users\/1"}],"replies":[{"embeddable":true,"href":"https:\/\/arcotest.info\/es\/wp-json\/wp\/v2\/comments?post=819"}],"version-history":[{"count":0,"href":"https:\/\/arcotest.info\/es\/wp-json\/wp\/v2\/pages\/819\/revisions"}],"wp:attachment":[{"href":"https:\/\/arcotest.info\/es\/wp-json\/wp\/v2\/media?parent=819"}],"curies":[{"name":"wp","href":"https:\/\/api.w.org\/{rel}","templated":true}]}}