{"id":875,"date":"2019-03-04T10:46:46","date_gmt":"2019-03-04T09:46:46","guid":{"rendered":"https:\/\/arcotest.info\/formulario-de-contacto\/"},"modified":"2022-09-22T16:05:50","modified_gmt":"2022-09-22T14:05:50","slug":"formulario-de-contacto","status":"publish","type":"page","link":"https:\/\/arcotest.info\/es\/formulario-de-contacto\/","title":{"rendered":"Contacto"},"content":{"rendered":"\n<div class=\"wp-block-stackable-columns stk-block-columns stk-block stk-9374771\" data-block-id=\"9374771\"><div class=\"stk-row stk-inner-blocks stk-block-content stk-content-align stk-9374771-column\">\n<div class=\"wp-block-stackable-column stk-block-column stk-block-column--v2 stk-column stk-block stk-bdd6214\" data-block-id=\"bdd6214\"><style>@media screen and (min-width:690px){.stk-bdd6214{flex:1 1 calc(33.33400000000002% - var(--stk-column-gap,0px) * 1 \/ 2 ) !important}}<\/style><div class=\"stk-column-wrapper stk-block-column__content stk-container stk-bdd6214-container stk--no-background stk--no-padding\"><div class=\"stk-block-content stk-inner-blocks stk-bdd6214-inner-blocks\">\n<h2 class=\"wp-block-heading\" id=\"h-arcotest-gmbh\">arcotest GmbH<\/h2>\n\n\n\n<p>Rotweg 25<br>71297 Moensheim<br>Alemania (Alem\u00e1n)<\/p>\n\n\n\n<p>t +49 7044 902 270<br>f +49 7044 902 269<\/p>\n\n\n\n<div class=\"wp-block-group is-nowrap is-layout-flex wp-container-core-group-is-layout-6c531013 wp-block-group-is-layout-flex\">\n<figure class=\"wp-block-image alignleft size-large is-resized\"><img loading=\"lazy\" decoding=\"async\" src=\"https:\/\/arcotest.info\/wp-content\/uploads\/2019\/12\/de.png\" alt=\"Deutschland\" class=\"wp-image-6276\" width=\"48\" height=\"48\" srcset=\"https:\/\/arcotest.info\/wp-content\/uploads\/2019\/12\/de.png 64w, https:\/\/arcotest.info\/wp-content\/uploads\/2019\/12\/de-50x50.png 50w\" sizes=\"auto, (max-width: 48px) 100vw, 48px\" \/><\/figure>\n\n\n\n<figure class=\"wp-block-image alignleft size-large is-resized\"><img loading=\"lazy\" decoding=\"async\" src=\"https:\/\/arcotest.info\/wp-content\/uploads\/2020\/07\/uk.png\" alt=\"England\" class=\"wp-image-16124\" width=\"48\" height=\"48\" srcset=\"https:\/\/arcotest.info\/wp-content\/uploads\/2020\/07\/uk.png 64w, https:\/\/arcotest.info\/wp-content\/uploads\/2020\/07\/uk-50x50.png 50w\" sizes=\"auto, (max-width: 48px) 100vw, 48px\" \/><\/figure>\n\n\n\n<figure class=\"wp-block-image alignleft size-large is-resized\"><img loading=\"lazy\" decoding=\"async\" src=\"https:\/\/arcotest.info\/wp-content\/uploads\/2019\/12\/fr.png\" alt=\"France\" class=\"wp-image-6312\" width=\"48\" height=\"48\" srcset=\"https:\/\/arcotest.info\/wp-content\/uploads\/2019\/12\/fr.png 64w, https:\/\/arcotest.info\/wp-content\/uploads\/2019\/12\/fr-50x50.png 50w\" sizes=\"auto, (max-width: 48px) 100vw, 48px\" \/><\/figure>\n<\/div>\n\n\n\n<figure class=\"wp-block-image size-large is-resized\"><img loading=\"lazy\" decoding=\"async\" src=\"https:\/\/arcotest.info\/wp-content\/uploads\/2018\/09\/arcotest-Firma_-1024x557.jpg\" alt=\"arcotest GmbH\" class=\"wp-image-3739\" width=\"256\" height=\"139\" srcset=\"https:\/\/arcotest.info\/wp-content\/uploads\/2018\/09\/arcotest-Firma_-1024x557.jpg 1024w, https:\/\/arcotest.info\/wp-content\/uploads\/2018\/09\/arcotest-Firma_-150x82.jpg 150w, https:\/\/arcotest.info\/wp-content\/uploads\/2018\/09\/arcotest-Firma_-300x163.jpg 300w, https:\/\/arcotest.info\/wp-content\/uploads\/2018\/09\/arcotest-Firma_-768x418.jpg 768w, https:\/\/arcotest.info\/wp-content\/uploads\/2018\/09\/arcotest-Firma_-260x142.jpg 260w, https:\/\/arcotest.info\/wp-content\/uploads\/2018\/09\/arcotest-Firma_-50x27.jpg 50w, https:\/\/arcotest.info\/wp-content\/uploads\/2018\/09\/arcotest-Firma_-138x75.jpg 138w, https:\/\/arcotest.info\/wp-content\/uploads\/2018\/09\/arcotest-Firma_-600x327.jpg 600w, https:\/\/arcotest.info\/wp-content\/uploads\/2018\/09\/arcotest-Firma_.jpg 1240w\" sizes=\"auto, (max-width: 256px) 100vw, 256px\" \/><\/figure>\n<\/div><\/div><\/div>\n\n\n\n<div class=\"wp-block-stackable-column stk-block-column stk-block-column--v2 stk-column stk-block stk-8df41c2\" data-block-id=\"8df41c2\"><style>@media screen and (min-width:690px){.stk-8df41c2{flex:1 1 calc(66.666% - var(--stk-column-gap,0px) * 1 \/ 2 ) !important}}<\/style><div class=\"stk-column-wrapper stk-block-column__content stk-container stk-8df41c2-container stk--no-background stk--no-padding\"><div class=\"stk-block-content stk-inner-blocks stk-8df41c2-inner-blocks\">\n<h2 class=\"wp-block-heading\" id=\"h-anfragen-beratung-und-verkauf\">Preguntas, consejos y ventas.<\/h2>\n\n\n\n<div class=\"wpcf7 no-js\" id=\"wpcf7-f877-o1\" lang=\"de-DE\" dir=\"ltr\" data-wpcf7-id=\"877\">\n<div class=\"screen-reader-response\"><p role=\"status\" aria-live=\"polite\" aria-atomic=\"true\"><\/p> <ul><\/ul><\/div>\n<form action=\"\/es\/wp-json\/wp\/v2\/pages\/875#wpcf7-f877-o1\" method=\"post\" class=\"wpcf7-form init\" aria-label=\"Kontaktformular\" novalidate=\"novalidate\" data-status=\"init\">\n<fieldset class=\"hidden-fields-container\"><input type=\"hidden\" name=\"_wpcf7\" value=\"877\" \/><input type=\"hidden\" name=\"_wpcf7_version\" value=\"6.1.5\" \/><input type=\"hidden\" name=\"_wpcf7_locale\" value=\"de_DE\" \/><input type=\"hidden\" name=\"_wpcf7_unit_tag\" value=\"wpcf7-f877-o1\" \/><input type=\"hidden\" name=\"_wpcf7_container_post\" value=\"0\" \/><input type=\"hidden\" name=\"_wpcf7_posted_data_hash\" value=\"\" \/>\n<\/fieldset>\n<p><label> Compa\u00f1\u00eda*<br \/>\n<span class=\"wpcf7-form-control-wrap\" data-name=\"firma\"><input size=\"40\" maxlength=\"400\" class=\"wpcf7-form-control wpcf7-text wpcf7-validates-as-required\" aria-required=\"true\" aria-invalid=\"false\" value=\"\" type=\"text\" name=\"firma\" \/><\/span><\/label>\n<\/p>\n<div>\n\t<div class=\"grid4\">\n\t\t<div>\n\t\t\t<p><label> Nombre*<br \/>\n<span class=\"wpcf7-form-control-wrap\" data-name=\"vor-name\"><input size=\"40\" maxlength=\"400\" class=\"wpcf7-form-control wpcf7-text wpcf7-validates-as-required\" aria-required=\"true\" aria-invalid=\"false\" value=\"\" type=\"text\" name=\"vor-name\" \/><\/span> <\/label>\n\t\t\t<\/p>\n\t\t<\/div>\n\t\t<div>\n\t\t\t<p><label> Apellido*<br \/>\n<span class=\"wpcf7-form-control-wrap\" data-name=\"nach-name\"><input size=\"40\" maxlength=\"400\" class=\"wpcf7-form-control wpcf7-text wpcf7-validates-as-required\" aria-required=\"true\" aria-invalid=\"false\" value=\"\" type=\"text\" name=\"nach-name\" \/><\/span> <\/label>\n\t\t\t<\/p>\n\t\t<\/div>\n\t<\/div>\n\t<p><label> Calle y n\u00famero de casa*<br \/>\n<span class=\"wpcf7-form-control-wrap\" data-name=\"strasse\"><input size=\"40\" maxlength=\"400\" class=\"wpcf7-form-control wpcf7-text wpcf7-validates-as-required\" aria-required=\"true\" aria-invalid=\"false\" value=\"\" type=\"text\" name=\"strasse\" \/><\/span><\/label><br \/>\n<label> Direcci\u00f3n l\u00ednea 2 (opcional)<br \/>\n<span class=\"wpcf7-form-control-wrap\" data-name=\"zusatz\"><input size=\"40\" maxlength=\"400\" class=\"wpcf7-form-control wpcf7-text\" aria-invalid=\"false\" value=\"\" type=\"text\" name=\"zusatz\" \/><\/span><\/label>\n\t<\/p>\n\t<div>\n\t\t<div class=\"grid4\">\n\t\t\t<div>\n\t\t\t\t<p><label> C\u00f3digo postal*<br \/>\n<span class=\"wpcf7-form-control-wrap\" data-name=\"plz\"><input size=\"40\" maxlength=\"400\" class=\"wpcf7-form-control wpcf7-text wpcf7-validates-as-required\" aria-required=\"true\" aria-invalid=\"false\" value=\"\" type=\"text\" name=\"plz\" \/><\/span><\/label>\n\t\t\t\t<\/p>\n\t\t\t<\/div>\n\t\t\t<div>\n\t\t\t\t<p><label> Ciudad*<br \/>\n<span class=\"wpcf7-form-control-wrap\" data-name=\"stadt\"><input size=\"40\" maxlength=\"400\" class=\"wpcf7-form-control wpcf7-text wpcf7-validates-as-required\" aria-required=\"true\" aria-invalid=\"false\" value=\"\" type=\"text\" name=\"stadt\" \/><\/span><\/label>\n\t\t\t\t<\/p>\n\t\t\t<\/div>\n\t\t<\/div>\n\t\t<p><label> Provincia*<br \/>\n<span class=\"wpcf7-form-control-wrap\" data-name=\"provinz\"><input size=\"40\" maxlength=\"400\" class=\"wpcf7-form-control wpcf7-text wpcf7-validates-as-required\" aria-required=\"true\" aria-invalid=\"false\" value=\"\" type=\"text\" name=\"provinz\" \/><\/span><\/label>\n\t\t<\/p>\n\t\t<div>\n\t\t\t<div class=\"grid4\">\n\t\t\t\t<div>\n\t\t\t\t\t<p><label> Pa\u00eds*<br \/>\n<span class=\"wpcf7-form-control-wrap\" data-name=\"land\"><input size=\"40\" maxlength=\"400\" class=\"wpcf7-form-control wpcf7-text wpcf7-validates-as-required\" aria-required=\"true\" aria-invalid=\"false\" value=\"\" type=\"text\" name=\"land\" \/><\/span><\/label>\n\t\t\t\t\t<\/p>\n\t\t\t\t<\/div>\n\t\t\t\t<div>\n\t\t\t\t\t<p><label> N\u00famero de CIF<br \/>\n<span class=\"wpcf7-form-control-wrap\" data-name=\"vat\"><input size=\"40\" maxlength=\"400\" class=\"wpcf7-form-control wpcf7-text\" aria-invalid=\"false\" value=\"\" type=\"text\" name=\"vat\" \/><\/span><\/label>\n\t\t\t\t\t<\/p>\n\t\t\t\t<\/div>\n\t\t\t<\/div>\n\t\t\t<div>\n\t\t\t\t<div class=\"grid4\">\n\t\t\t\t\t<div>\n\t\t\t\t\t\t<p><label> Email*<br \/>\n<span class=\"wpcf7-form-control-wrap\" data-name=\"email-430\"><input size=\"40\" maxlength=\"400\" class=\"wpcf7-form-control wpcf7-email wpcf7-validates-as-required wpcf7-text wpcf7-validates-as-email\" aria-required=\"true\" aria-invalid=\"false\" value=\"\" type=\"email\" name=\"email-430\" \/><\/span><\/label>\n\t\t\t\t\t\t<\/p>\n\t\t\t\t\t<\/div>\n\t\t\t\t\t<div>\n\t\t\t\t\t\t<p><label> Tel\u00e9fono*<br \/>\n<span class=\"wpcf7-form-control-wrap\" data-name=\"tel-669\"><input size=\"40\" maxlength=\"400\" class=\"wpcf7-form-control wpcf7-tel wpcf7-validates-as-required wpcf7-text wpcf7-validates-as-tel\" aria-required=\"true\" aria-invalid=\"false\" value=\"\" type=\"tel\" name=\"tel-669\" \/><\/span><\/label>\n\t\t\t\t\t\t<\/p>\n\t\t\t\t\t<\/div>\n\t\t\t\t<\/div>\n\t\t\t\t<p><label> Sitio web<br \/>\n<span class=\"wpcf7-form-control-wrap\" data-name=\"web\"><input size=\"40\" maxlength=\"400\" class=\"wpcf7-form-control wpcf7-text\" aria-invalid=\"false\" value=\"\" type=\"text\" name=\"web\" \/><\/span><\/label><br \/>\n<span id=\"wpcf7-69e5fdb622b05-wrapper\" class=\"wpcf7-form-control-wrap website-613-wrap\" style=\"display:none !important; visibility:hidden !important;\"><label for=\"wpcf7-69e5fdb622b05-field\" class=\"hp-message\">Bitte lasse dieses Feld leer.<\/label><input id=\"wpcf7-69e5fdb622b05-field\"  class=\"wpcf7-form-control wpcf7-text\" type=\"text\" name=\"website-613\" value=\"\" size=\"40\" tabindex=\"-1\" autocomplete=\"new-password\" \/><\/span>\n\t\t\t\t<\/p>\n\t\t\t\t<p><label> Asunto*<br \/>\n<span class=\"wpcf7-form-control-wrap\" data-name=\"your-subject\"><input size=\"40\" maxlength=\"400\" class=\"wpcf7-form-control wpcf7-text wpcf7-validates-as-required\" aria-required=\"true\" aria-invalid=\"false\" value=\"\" type=\"text\" name=\"your-subject\" \/><\/span> <\/label><br \/>\n<span class=\"wpcf7-form-control-wrap\" data-name=\"checkbox-489\"><span class=\"wpcf7-form-control wpcf7-checkbox\"><span class=\"wpcf7-list-item first\"><input type=\"checkbox\" name=\"checkbox-489[]\" value=\"Pl\u00e1stico\" \/><span class=\"wpcf7-list-item-label\">Pl\u00e1stico<\/span><\/span><span class=\"wpcf7-list-item\"><input type=\"checkbox\" name=\"checkbox-489[]\" value=\"Metal\" \/><span class=\"wpcf7-list-item-label\">Metal<\/span><\/span><span class=\"wpcf7-list-item\"><input type=\"checkbox\" name=\"checkbox-489[]\" value=\"Vidrio\" \/><span class=\"wpcf7-list-item-label\">Vidrio<\/span><\/span><span class=\"wpcf7-list-item last\"><input type=\"checkbox\" name=\"checkbox-489[]\" value=\"Otras superficies\" \/><span class=\"wpcf7-list-item-label\">Otras superficies<\/span><\/span><\/span><\/span>\n\t\t\t\t<\/p>\n\t\t\t\t<p><label> Su mensaje<br \/>\n<span class=\"wpcf7-form-control-wrap\" data-name=\"your-message\"><textarea cols=\"40\" rows=\"10\" maxlength=\"2000\" class=\"wpcf7-form-control wpcf7-textarea\" aria-invalid=\"false\" name=\"your-message\"><\/textarea><\/span> <\/label>\n\t\t\t\t<\/p>\n\t\t\t\t<p><span class=\"wpcf7-form-control-wrap\" data-name=\"acceptance-141\"><span class=\"wpcf7-form-control wpcf7-acceptance\"><span class=\"wpcf7-list-item\"><label><input type=\"checkbox\" name=\"acceptance-141\" value=\"1\" checked=\"checked\" aria-invalid=\"false\" \/><span class=\"wpcf7-list-item-label\">Declaraci\u00f3n de consimiento:  \nFormulario de contacto de declaraci\u00f3n de consentimiento: S\u00ed, he le\u00eddo la declaraci\u00f3n de protecci\u00f3n de datos y acepto que los datos facilitados por m\u00ed puedan ser recogidos y almacenados electr\u00f3nicamente. Mis datos s\u00f3lo se utilizar\u00e1n estrictamente con el fin de procesar y responder a mi solicitud. Al enviar el formulario de contacto estoy de acuerdo con el tratamiento. Puedo revocar mi consentimiento en cualquier momento<\/span><\/label><\/span><\/span><\/span><br \/>\n<div class=\"h-captcha\" data-sitekey=\"f848e3d2-a8b2-4eb0-bc34-3102c288b6ee\" data-size=\"normal\" data-theme=\"light\" data-lang=\"es\"><\/div><span class=\"wpcf7-form-control-wrap cf7apps-hcaptcha\" data-name=\"cf7apps-hcaptcha\"><input type=\"hidden\" name=\"cf7apps-hcaptcha\" value=\"\" class=\"wpcf7-form-control\"><\/span>\n\t\t\t\t<\/p>\n\t\t\t\t<p><input class=\"wpcf7-form-control wpcf7-submit has-spinner\" type=\"submit\" value=\"delantero\" \/>\n\t\t\t\t<\/p>\n\t\t\t<\/div>\n\t\t<\/div>\n\t<\/div>\n<\/div><div class=\"wpcf7-response-output\" aria-hidden=\"true\"><\/div>\n<\/form>\n<\/div>\n\n\n\n\n<p><\/p>\n<\/div><\/div><\/div>\n<\/div><\/div>\n\n\n<p>Consultor\u00eda y ventas<br \/>Consultas por tel\u00e9fono, fax o correo electr\u00f3nico<br \/>o a trav\u00e9s del formulario de contacto<\/p>\n<p>arcotest GmbH<br \/>Camino Rojo 25<br \/>71297 M\u00f6nsheim,<br \/>Alemania (Alem\u00e1n)<\/p>\n<p>p +49 7044 902 270<br \/>f +49 7044 902 269<\/p>","protected":false},"excerpt":{"rendered":"<p>arcotest GmbH Rotweg 2571297 MoensheimAlemania (Alem\u00e1n) t +49 7044 902 270f +49 7044 902 269 Preguntas, consejos y ventas. Consultor\u00eda y ventasConsultas por tel\u00e9fono, fax o correo electr\u00f3nicoo a trav\u00e9s del formulario de contacto arcotest GmbHCamino Rojo 2571297 M\u00f6nsheim,Alemania (Alem\u00e1n) p +49 7044 902 270f +49 7044 902 269<\/p>\n","protected":false},"author":1,"featured_media":0,"parent":0,"menu_order":0,"comment_status":"closed","ping_status":"closed","template":"","meta":{"footnotes":""},"class_list":["post-875","page","type-page","status-publish","hentry"],"blocksy_meta":{"styles_descriptor":{"styles":{"desktop":"","tablet":"","mobile":""},"google_fonts":[],"version":6}},"featured_image_src":null,"featured_image_src_square":null,"_links":{"self":[{"href":"https:\/\/arcotest.info\/es\/wp-json\/wp\/v2\/pages\/875","targetHints":{"allow":["GET"]}}],"collection":[{"href":"https:\/\/arcotest.info\/es\/wp-json\/wp\/v2\/pages"}],"about":[{"href":"https:\/\/arcotest.info\/es\/wp-json\/wp\/v2\/types\/page"}],"author":[{"embeddable":true,"href":"https:\/\/arcotest.info\/es\/wp-json\/wp\/v2\/users\/1"}],"replies":[{"embeddable":true,"href":"https:\/\/arcotest.info\/es\/wp-json\/wp\/v2\/comments?post=875"}],"version-history":[{"count":0,"href":"https:\/\/arcotest.info\/es\/wp-json\/wp\/v2\/pages\/875\/revisions"}],"wp:attachment":[{"href":"https:\/\/arcotest.info\/es\/wp-json\/wp\/v2\/media?parent=875"}],"curies":[{"name":"wp","href":"https:\/\/api.w.org\/{rel}","templated":true}]}}