{"id":92293,"date":"2025-09-30T18:05:59","date_gmt":"2025-09-30T16:05:59","guid":{"rendered":"https:\/\/arcotest.info\/?page_id=92293"},"modified":"2025-09-30T18:06:01","modified_gmt":"2025-09-30T16:06:01","slug":"92293-2","status":"publish","type":"page","link":"https:\/\/arcotest.info\/fi\/92293-2\/","title":{"rendered":""},"content":{"rendered":"\n<div class=\"wp-block-stackable-columns stk-block-columns stk-block stk-d8aa8f9\" data-block-id=\"d8aa8f9\"><div class=\"stk-row stk-inner-blocks stk-block-content stk-content-align stk-d8aa8f9-column\">\n<div class=\"wp-block-stackable-column stk-block-column stk-column stk-block stk-30fd9c6\" data-v=\"4\" data-block-id=\"30fd9c6\"><div class=\"stk-column-wrapper stk-block-column__content stk-container stk-30fd9c6-container stk--no-background stk--no-padding\"><div class=\"stk-block-content stk-inner-blocks stk-30fd9c6-inner-blocks\">\n<h2 class=\"wp-block-heading\" id=\"h-arcotest-gmbh\">arcotest GmbH<\/h2>\n\n\n\n<p>Rotweg 25<br>71297 M\u00f6nsheim<br>Saksa<\/p>\n\n\n\n<p>Telefon +49 7044 902 270<br>Fax +49 7044 902 269<\/p>\n<\/div><\/div><\/div>\n\n\n\n<div class=\"wp-block-stackable-column stk-block-column stk-column stk-block stk-9a3587f\" data-v=\"4\" data-block-id=\"9a3587f\"><div class=\"stk-column-wrapper stk-block-column__content stk-container stk-9a3587f-container stk--no-background stk--no-padding\"><div class=\"stk-block-content stk-inner-blocks stk-9a3587f-inner-blocks\">\n<p>Tiedustelut, neuvonta<\/p>\n\n\n\n<div class=\"wpcf7 no-js\" id=\"wpcf7-f92286-o1\" lang=\"de-DE\" dir=\"ltr\" data-wpcf7-id=\"92286\">\n<div class=\"screen-reader-response\"><p role=\"status\" aria-live=\"polite\" aria-atomic=\"true\"><\/p> <ul><\/ul><\/div>\n<form action=\"\/fi\/wp-json\/wp\/v2\/pages\/92293#wpcf7-f92286-o1\" method=\"post\" class=\"wpcf7-form init\" aria-label=\"Kontaktformular\" novalidate=\"novalidate\" data-status=\"init\">\n<fieldset class=\"hidden-fields-container\"><input type=\"hidden\" name=\"_wpcf7\" value=\"92286\" \/><input type=\"hidden\" name=\"_wpcf7_version\" value=\"6.1.5\" \/><input type=\"hidden\" name=\"_wpcf7_locale\" value=\"de_DE\" \/><input type=\"hidden\" name=\"_wpcf7_unit_tag\" value=\"wpcf7-f92286-o1\" \/><input type=\"hidden\" name=\"_wpcf7_container_post\" value=\"0\" \/><input type=\"hidden\" name=\"_wpcf7_posted_data_hash\" value=\"\" \/>\n<\/fieldset>\n<p><label> Yritys*<br \/>\n<span class=\"wpcf7-form-control-wrap\" data-name=\"firma\"><input size=\"40\" maxlength=\"400\" class=\"wpcf7-form-control wpcf7-text wpcf7-validates-as-required\" aria-required=\"true\" aria-invalid=\"false\" value=\"\" type=\"text\" name=\"firma\" \/><\/span><\/label>\n<\/p>\n<div>\n\t<div class=\"grid4\">\n\t\t<div>\n\t\t\t<p><label> Etunimi*<br \/>\n<span class=\"wpcf7-form-control-wrap\" data-name=\"vor-name\"><input size=\"40\" maxlength=\"400\" class=\"wpcf7-form-control wpcf7-text wpcf7-validates-as-required\" aria-required=\"true\" aria-invalid=\"false\" value=\"\" type=\"text\" name=\"vor-name\" \/><\/span> <\/label>\n\t\t\t<\/p>\n\t\t<\/div>\n\t\t<div>\n\t\t\t<p><label> Sukunimi*<br \/>\n<span class=\"wpcf7-form-control-wrap\" data-name=\"nach-name\"><input size=\"40\" maxlength=\"400\" class=\"wpcf7-form-control wpcf7-text wpcf7-validates-as-required\" aria-required=\"true\" aria-invalid=\"false\" value=\"\" type=\"text\" name=\"nach-name\" \/><\/span> <\/label>\n\t\t\t<\/p>\n\t\t<\/div>\n\t<\/div>\n\t<p><label> Katu ja numero*<br \/>\n<span class=\"wpcf7-form-control-wrap\" data-name=\"strasse\"><input size=\"40\" maxlength=\"400\" class=\"wpcf7-form-control wpcf7-text wpcf7-validates-as-required\" aria-required=\"true\" aria-invalid=\"false\" value=\"\" type=\"text\" name=\"strasse\" \/><\/span><\/label>\n\t<\/p>\n\t<div>\n\t\t<div class=\"grid4\">\n\t\t\t<div>\n\t\t\t\t<p><label> Postinumero*<br \/>\n<span class=\"wpcf7-form-control-wrap\" data-name=\"plz\"><input size=\"40\" maxlength=\"400\" class=\"wpcf7-form-control wpcf7-text wpcf7-validates-as-required\" aria-required=\"true\" aria-invalid=\"false\" value=\"\" type=\"text\" name=\"plz\" \/><\/span><\/label>\n\t\t\t\t<\/p>\n\t\t\t<\/div>\n\t\t\t<div>\n\t\t\t\t<p><label> Kaupunki*<br \/>\n<span class=\"wpcf7-form-control-wrap\" data-name=\"stadt\"><input size=\"40\" maxlength=\"400\" class=\"wpcf7-form-control wpcf7-text wpcf7-validates-as-required\" aria-required=\"true\" aria-invalid=\"false\" value=\"\" type=\"text\" name=\"stadt\" \/><\/span><\/label>\n\t\t\t\t<\/p>\n\t\t\t<\/div>\n\t\t<\/div>\n\t\t<div>\n\t\t\t<div class=\"grid4\">\n\t\t\t\t<div>\n\t\t\t\t\t<p><label> Maa*<br \/>\n<span class=\"wpcf7-form-control-wrap\" data-name=\"land\"><input size=\"40\" maxlength=\"400\" class=\"wpcf7-form-control wpcf7-text wpcf7-validates-as-required\" aria-required=\"true\" aria-invalid=\"false\" value=\"\" type=\"text\" name=\"land\" \/><\/span><\/label>\n\t\t\t\t\t<\/p>\n\t\t\t\t<\/div>\n\t\t\t\t<div>\n\t\t\t\t\t<p><label> ALV-numero<br \/>\n<span class=\"wpcf7-form-control-wrap\" data-name=\"vat\"><input size=\"40\" maxlength=\"400\" class=\"wpcf7-form-control wpcf7-text\" aria-invalid=\"false\" value=\"\" type=\"text\" name=\"vat\" \/><\/span><\/label>\n\t\t\t\t\t<\/p>\n\t\t\t\t<\/div>\n\t\t\t<\/div>\n\t\t\t<div>\n\t\t\t\t<div class=\"grid4\">\n\t\t\t\t\t<div>\n\t\t\t\t\t\t<p><label> S\u00e4hk\u00f6posti*<br \/>\n<span class=\"wpcf7-form-control-wrap\" data-name=\"email-430\"><input size=\"40\" maxlength=\"400\" class=\"wpcf7-form-control wpcf7-email wpcf7-validates-as-required wpcf7-text wpcf7-validates-as-email\" aria-required=\"true\" aria-invalid=\"false\" value=\"\" type=\"email\" name=\"email-430\" \/><\/span><\/label>\n\t\t\t\t\t\t<\/p>\n\t\t\t\t\t<\/div>\n\t\t\t\t\t<div>\n\t\t\t\t\t\t<p><label> Puhelin*<br \/>\n<span class=\"wpcf7-form-control-wrap\" data-name=\"tel-669\"><input size=\"40\" maxlength=\"400\" class=\"wpcf7-form-control wpcf7-tel wpcf7-validates-as-required wpcf7-text wpcf7-validates-as-tel\" aria-required=\"true\" aria-invalid=\"false\" value=\"\" type=\"tel\" name=\"tel-669\" \/><\/span><\/label>\n\t\t\t\t\t\t<\/p>\n\t\t\t\t\t<\/div>\n\t\t\t\t<\/div>\n\t\t\t\t<p><label> Verkkosivusto<br \/>\n<span class=\"wpcf7-form-control-wrap\" data-name=\"web\"><input size=\"40\" maxlength=\"400\" class=\"wpcf7-form-control wpcf7-text\" aria-invalid=\"false\" value=\"\" type=\"text\" name=\"web\" \/><\/span><\/label><br \/>\n<span id=\"wpcf7-69e628f1a9df8-wrapper\" class=\"wpcf7-form-control-wrap website-819-wrap\" ><label for=\"wpcf7-69e628f1a9df8-field\" class=\"hp-message\">Bitte lasse dieses Feld leer.<\/label><input id=\"wpcf7-69e628f1a9df8-field\"  class=\"wpcf7-form-control wpcf7-text\" type=\"text\" name=\"website-819\" value=\"\" size=\"40\" tabindex=\"-1\" autocomplete=\"new-password\" \/><\/span>\n\t\t\t\t<\/p>\n\t\t\t\t<p><label> Aihe<br \/>\n<span class=\"wpcf7-form-control-wrap\" data-name=\"your-subject\"><input size=\"40\" maxlength=\"400\" class=\"wpcf7-form-control wpcf7-text\" aria-invalid=\"false\" value=\"\" type=\"text\" name=\"your-subject\" \/><\/span> <\/label><br \/>\n<span class=\"wpcf7-form-control-wrap\" data-name=\"checkbox-489\"><span class=\"wpcf7-form-control wpcf7-checkbox\"><span class=\"wpcf7-list-item first\"><input type=\"checkbox\" name=\"checkbox-489[]\" value=\"Muovi - Kunstoff\" \/><span class=\"wpcf7-list-item-label\">Muovi - Kunstoff<\/span><\/span><span class=\"wpcf7-list-item\"><input type=\"checkbox\" name=\"checkbox-489[]\" value=\"Metalli - Metall\" \/><span class=\"wpcf7-list-item-label\">Metalli - Metall<\/span><\/span><span class=\"wpcf7-list-item\"><input type=\"checkbox\" name=\"checkbox-489[]\" value=\"Lasi - Glas\" \/><span class=\"wpcf7-list-item-label\">Lasi - Glas<\/span><\/span><span class=\"wpcf7-list-item last\"><input type=\"checkbox\" name=\"checkbox-489[]\" value=\"Muut pinnat - Andere Oberfl\u00e4chen\" \/><span class=\"wpcf7-list-item-label\">Muut pinnat - Andere Oberfl\u00e4chen<\/span><\/span><\/span><\/span>\n\t\t\t\t<\/p>\n\t\t\t\t<p><label> Viestisi<br \/>\n<span class=\"wpcf7-form-control-wrap\" data-name=\"your-message\"><textarea cols=\"40\" rows=\"10\" maxlength=\"2000\" class=\"wpcf7-form-control wpcf7-textarea\" aria-invalid=\"false\" name=\"your-message\"><\/textarea><\/span> <\/label>\n\t\t\t\t<\/p>\n\t\t\t\t<p><span class=\"wpcf7-form-control-wrap\" data-name=\"acceptance-141\"><span class=\"wpcf7-form-control wpcf7-acceptance\"><span class=\"wpcf7-list-item\"><label><input type=\"checkbox\" name=\"acceptance-141\" value=\"1\" checked=\"checked\" aria-invalid=\"false\" \/><span class=\"wpcf7-list-item-label\">Yhteydenottolomakkeeseen liittyv\u00e4 suostumusilmoitus Kyll\u00e4, olen lukenut tietosuojailmoituksen ja hyv\u00e4ksyn sen, ett\u00e4 ilmoittamiani tietoja ker\u00e4t\u00e4\u00e4n ja tallennetaan s\u00e4hk\u00f6isesti. Tietojani k\u00e4ytet\u00e4\u00e4n t\u00e4ll\u00f6in ainoastaan kyselyni k\u00e4sittelyyn ja siihen vastaamiseen. L\u00e4hett\u00e4m\u00e4ll\u00e4 yhteystietolomakkeen hyv\u00e4ksyn tietojeni k\u00e4sittelyn. Voin koska tahansa peruuttaa t\u00e4m\u00e4n suostumuksen.<\/span><\/label><\/span><\/span><\/span><br \/>\n<div class=\"h-captcha\" data-sitekey=\"f848e3d2-a8b2-4eb0-bc34-3102c288b6ee\" data-size=\"normal\" data-theme=\"light\" data-lang=\"fi\"><\/div><span class=\"wpcf7-form-control-wrap cf7apps-hcaptcha\" data-name=\"cf7apps-hcaptcha\"><input type=\"hidden\" name=\"cf7apps-hcaptcha\" value=\"\" class=\"wpcf7-form-control\"><\/span>\n\t\t\t\t<\/p>\n\t\t\t\t<p><input class=\"wpcf7-form-control wpcf7-submit has-spinner\" type=\"submit\" value=\"Senden\" \/>\n\t\t\t\t<\/p>\n\t\t\t<\/div>\n\t\t<\/div>\n\t<\/div>\n<\/div><div class=\"wpcf7-response-output\" aria-hidden=\"true\"><\/div>\n<\/form>\n<\/div>\n\n<\/div><\/div><\/div>\n<\/div><\/div>\n","protected":false},"excerpt":{"rendered":"<p>arcotest GmbH Rotweg 2571297 M\u00f6nsheimSaksa Telefon +49 7044 902 270Fax +49 7044 902 269 Tiedustelut, neuvonta<\/p>\n","protected":false},"author":1,"featured_media":0,"parent":0,"menu_order":0,"comment_status":"closed","ping_status":"closed","template":"","meta":{"footnotes":""},"class_list":["post-92293","page","type-page","status-publish","hentry"],"blocksy_meta":{"styles_descriptor":{"styles":{"desktop":"","tablet":"","mobile":""},"google_fonts":[],"version":6}},"featured_image_src":null,"featured_image_src_square":null,"_links":{"self":[{"href":"https:\/\/arcotest.info\/fi\/wp-json\/wp\/v2\/pages\/92293","targetHints":{"allow":["GET"]}}],"collection":[{"href":"https:\/\/arcotest.info\/fi\/wp-json\/wp\/v2\/pages"}],"about":[{"href":"https:\/\/arcotest.info\/fi\/wp-json\/wp\/v2\/types\/page"}],"author":[{"embeddable":true,"href":"https:\/\/arcotest.info\/fi\/wp-json\/wp\/v2\/users\/1"}],"replies":[{"embeddable":true,"href":"https:\/\/arcotest.info\/fi\/wp-json\/wp\/v2\/comments?post=92293"}],"version-history":[{"count":0,"href":"https:\/\/arcotest.info\/fi\/wp-json\/wp\/v2\/pages\/92293\/revisions"}],"wp:attachment":[{"href":"https:\/\/arcotest.info\/fi\/wp-json\/wp\/v2\/media?parent=92293"}],"curies":[{"name":"wp","href":"https:\/\/api.w.org\/{rel}","templated":true}]}}