{"id":1282,"date":"2019-05-01T14:35:04","date_gmt":"2019-05-01T12:35:04","guid":{"rendered":"https:\/\/arcotest.info\/kontakt\/"},"modified":"2022-09-22T13:54:40","modified_gmt":"2022-09-22T11:54:40","slug":"kontakt","status":"publish","type":"page","link":"https:\/\/arcotest.info\/pl\/kontakt\/","title":{"rendered":"Kontakt"},"content":{"rendered":"\n<div class=\"wp-block-stackable-columns stk-block-columns stk-block stk-9374771\" data-block-id=\"9374771\"><div class=\"stk-row stk-inner-blocks stk-block-content stk-content-align stk-9374771-column\">\n<div class=\"wp-block-stackable-column stk-block-column stk-block-column--v2 stk-column stk-block stk-bdd6214\" data-block-id=\"bdd6214\"><style>@media screen and (min-width:690px){.stk-bdd6214{flex:1 1 calc(33.33400000000002% - var(--stk-column-gap,0px) * 1 \/ 2 ) !important}}<\/style><div class=\"stk-column-wrapper stk-block-column__content stk-container stk-bdd6214-container stk--no-background stk--no-padding\"><div class=\"stk-block-content stk-inner-blocks stk-bdd6214-inner-blocks\">\n<h2 class=\"wp-block-heading\" id=\"h-arcotest-gmbh\">arcotest GmbH<\/h2>\n\n\n\n<p>Rotweg 25<br>71297 Moensheim<br>Niemcy<\/p>\n\n\n\n<p>Telefon +49 7044 902 270<br>Fax +49 7044 902 269<\/p>\n\n\n\n<div class=\"wp-block-group is-nowrap is-layout-flex wp-container-core-group-is-layout-6c531013 wp-block-group-is-layout-flex\">\n<figure class=\"wp-block-image alignleft size-large is-resized\"><img loading=\"lazy\" decoding=\"async\" src=\"https:\/\/arcotest.info\/wp-content\/uploads\/2019\/12\/de.png\" alt=\"Deutschland\" class=\"wp-image-6270\" width=\"48\" height=\"48\" srcset=\"https:\/\/arcotest.info\/wp-content\/uploads\/2019\/12\/de.png 64w, https:\/\/arcotest.info\/wp-content\/uploads\/2019\/12\/de-50x50.png 50w\" sizes=\"auto, (max-width: 48px) 100vw, 48px\" \/><\/figure>\n\n\n\n<figure class=\"wp-block-image alignleft size-large is-resized\"><img loading=\"lazy\" decoding=\"async\" src=\"https:\/\/arcotest.info\/wp-content\/uploads\/2020\/07\/uk.png\" alt=\"England\" class=\"wp-image-16118\" width=\"48\" height=\"48\" srcset=\"https:\/\/arcotest.info\/wp-content\/uploads\/2020\/07\/uk.png 64w, https:\/\/arcotest.info\/wp-content\/uploads\/2020\/07\/uk-50x50.png 50w\" sizes=\"auto, (max-width: 48px) 100vw, 48px\" \/><\/figure>\n\n\n\n<figure class=\"wp-block-image alignleft size-large is-resized\"><img loading=\"lazy\" decoding=\"async\" src=\"https:\/\/arcotest.info\/wp-content\/uploads\/2019\/12\/fr.png\" alt=\"France\" class=\"wp-image-6306\" width=\"48\" height=\"48\" srcset=\"https:\/\/arcotest.info\/wp-content\/uploads\/2019\/12\/fr.png 64w, https:\/\/arcotest.info\/wp-content\/uploads\/2019\/12\/fr-50x50.png 50w\" sizes=\"auto, (max-width: 48px) 100vw, 48px\" \/><\/figure>\n<\/div>\n\n\n\n<figure class=\"wp-block-image size-large is-resized\"><img loading=\"lazy\" decoding=\"async\" src=\"https:\/\/arcotest.info\/wp-content\/uploads\/2018\/09\/arcotest-Firma_-1024x557.jpg\" alt=\"arcotest GmbH\" class=\"wp-image-3739\" width=\"256\" height=\"139\" srcset=\"https:\/\/arcotest.info\/wp-content\/uploads\/2018\/09\/arcotest-Firma_-1024x557.jpg 1024w, https:\/\/arcotest.info\/wp-content\/uploads\/2018\/09\/arcotest-Firma_-150x82.jpg 150w, https:\/\/arcotest.info\/wp-content\/uploads\/2018\/09\/arcotest-Firma_-300x163.jpg 300w, https:\/\/arcotest.info\/wp-content\/uploads\/2018\/09\/arcotest-Firma_-768x418.jpg 768w, https:\/\/arcotest.info\/wp-content\/uploads\/2018\/09\/arcotest-Firma_-260x142.jpg 260w, https:\/\/arcotest.info\/wp-content\/uploads\/2018\/09\/arcotest-Firma_-50x27.jpg 50w, https:\/\/arcotest.info\/wp-content\/uploads\/2018\/09\/arcotest-Firma_-138x75.jpg 138w, https:\/\/arcotest.info\/wp-content\/uploads\/2018\/09\/arcotest-Firma_-600x327.jpg 600w, https:\/\/arcotest.info\/wp-content\/uploads\/2018\/09\/arcotest-Firma_.jpg 1240w\" sizes=\"auto, (max-width: 256px) 100vw, 256px\" \/><\/figure>\n<\/div><\/div><\/div>\n\n\n\n<div class=\"wp-block-stackable-column stk-block-column stk-block-column--v2 stk-column stk-block stk-8df41c2\" data-block-id=\"8df41c2\"><style>@media screen and (min-width:690px){.stk-8df41c2{flex:1 1 calc(66.666% - var(--stk-column-gap,0px) * 1 \/ 2 ) !important}}<\/style><div class=\"stk-column-wrapper stk-block-column__content stk-container stk-8df41c2-container stk--no-background stk--no-padding\"><div class=\"stk-block-content stk-inner-blocks stk-8df41c2-inner-blocks\">\n<h2 class=\"wp-block-heading\" id=\"h-anfragen-beratung-und-verkauf\">Zapytania, porady i sprzeda\u017c<\/h2>\n\n\n\n<div class=\"wpcf7 no-js\" id=\"wpcf7-f1294-o1\" lang=\"de-DE\" dir=\"ltr\" data-wpcf7-id=\"1294\">\n<div class=\"screen-reader-response\"><p role=\"status\" aria-live=\"polite\" aria-atomic=\"true\"><\/p> <ul><\/ul><\/div>\n<form action=\"\/pl\/wp-json\/wp\/v2\/pages\/1282#wpcf7-f1294-o1\" method=\"post\" class=\"wpcf7-form init\" aria-label=\"Kontaktformular\" novalidate=\"novalidate\" data-status=\"init\">\n<fieldset class=\"hidden-fields-container\"><input type=\"hidden\" name=\"_wpcf7\" value=\"1294\" \/><input type=\"hidden\" name=\"_wpcf7_version\" value=\"6.1.5\" \/><input type=\"hidden\" name=\"_wpcf7_locale\" value=\"de_DE\" \/><input type=\"hidden\" name=\"_wpcf7_unit_tag\" value=\"wpcf7-f1294-o1\" \/><input type=\"hidden\" name=\"_wpcf7_container_post\" value=\"0\" \/><input type=\"hidden\" name=\"_wpcf7_posted_data_hash\" value=\"\" \/>\n<\/fieldset>\n<p><label> Nazwa firmy*<br \/>\n<span class=\"wpcf7-form-control-wrap\" data-name=\"firma\"><input size=\"40\" maxlength=\"400\" class=\"wpcf7-form-control wpcf7-text wpcf7-validates-as-required\" aria-required=\"true\" aria-invalid=\"false\" value=\"\" type=\"text\" name=\"firma\" \/><\/span><\/label>\n<\/p>\n<div>\n\t<div class=\"grid4\">\n\t\t<div>\n\t\t\t<p><label> Imi\u0119*<br \/>\n<span class=\"wpcf7-form-control-wrap\" data-name=\"vor-name\"><input size=\"40\" maxlength=\"400\" class=\"wpcf7-form-control wpcf7-text wpcf7-validates-as-required\" aria-required=\"true\" aria-invalid=\"false\" value=\"\" type=\"text\" name=\"vor-name\" \/><\/span> <\/label>\n\t\t\t<\/p>\n\t\t<\/div>\n\t\t<div>\n\t\t\t<p><label> Nazwisko*<br \/>\n<span class=\"wpcf7-form-control-wrap\" data-name=\"nach-name\"><input size=\"40\" maxlength=\"400\" class=\"wpcf7-form-control wpcf7-text wpcf7-validates-as-required\" aria-required=\"true\" aria-invalid=\"false\" value=\"\" type=\"text\" name=\"nach-name\" \/><\/span> <\/label>\n\t\t\t<\/p>\n\t\t<\/div>\n\t<\/div>\n\t<p><label> Adres firmy \u2013 Uica*<br \/>\n<span class=\"wpcf7-form-control-wrap\" data-name=\"strasse\"><input size=\"40\" maxlength=\"400\" class=\"wpcf7-form-control wpcf7-text wpcf7-validates-as-required\" aria-required=\"true\" aria-invalid=\"false\" value=\"\" type=\"text\" name=\"strasse\" \/><\/span><\/label><br \/>\n<label> Adres linia 2 (optional)<br \/>\n<span class=\"wpcf7-form-control-wrap\" data-name=\"zusatz\"><input size=\"40\" maxlength=\"400\" class=\"wpcf7-form-control wpcf7-text\" aria-invalid=\"false\" value=\"\" type=\"text\" name=\"zusatz\" \/><\/span><\/label>\n\t<\/p>\n\t<div>\n\t\t<div class=\"grid4\">\n\t\t\t<div>\n\t\t\t\t<p><label> Kod pocztowy*<br \/>\n<span class=\"wpcf7-form-control-wrap\" data-name=\"plz\"><input size=\"40\" maxlength=\"400\" class=\"wpcf7-form-control wpcf7-text wpcf7-validates-as-required\" aria-required=\"true\" aria-invalid=\"false\" value=\"\" type=\"text\" name=\"plz\" \/><\/span><\/label>\n\t\t\t\t<\/p>\n\t\t\t<\/div>\n\t\t\t<div>\n\t\t\t\t<p><label> Adres firmy \u2013 Miasto*<br \/>\n<span class=\"wpcf7-form-control-wrap\" data-name=\"stadt\"><input size=\"40\" maxlength=\"400\" class=\"wpcf7-form-control wpcf7-text wpcf7-validates-as-required\" aria-required=\"true\" aria-invalid=\"false\" value=\"\" type=\"text\" name=\"stadt\" \/><\/span><\/label>\n\t\t\t\t<\/p>\n\t\t\t<\/div>\n\t\t<\/div>\n\t\t<div>\n\t\t\t<div class=\"grid4\">\n\t\t\t\t<div>\n\t\t\t\t\t<p><label> Kraj*<br \/>\n<span class=\"wpcf7-form-control-wrap\" data-name=\"land\"><input size=\"40\" maxlength=\"400\" class=\"wpcf7-form-control wpcf7-text wpcf7-validates-as-required\" aria-required=\"true\" aria-invalid=\"false\" value=\"\" type=\"text\" name=\"land\" \/><\/span><\/label>\n\t\t\t\t\t<\/p>\n\t\t\t\t<\/div>\n\t\t\t\t<div>\n\t\t\t\t\t<p><label> Numer NIP*<br \/>\n<span class=\"wpcf7-form-control-wrap\" data-name=\"vat\"><input size=\"40\" maxlength=\"400\" class=\"wpcf7-form-control wpcf7-text wpcf7-validates-as-required\" aria-required=\"true\" aria-invalid=\"false\" value=\"\" type=\"text\" name=\"vat\" \/><\/span><\/label>\n\t\t\t\t\t<\/p>\n\t\t\t\t<\/div>\n\t\t\t<\/div>\n\t\t\t<div>\n\t\t\t\t<div class=\"grid4\">\n\t\t\t\t\t<div>\n\t\t\t\t\t\t<p><label> Email*<br \/>\n<span class=\"wpcf7-form-control-wrap\" data-name=\"email-430\"><input size=\"40\" maxlength=\"400\" class=\"wpcf7-form-control wpcf7-email wpcf7-validates-as-required wpcf7-text wpcf7-validates-as-email\" aria-required=\"true\" aria-invalid=\"false\" value=\"\" type=\"email\" name=\"email-430\" \/><\/span><\/label>\n\t\t\t\t\t\t<\/p>\n\t\t\t\t\t<\/div>\n\t\t\t\t\t<div>\n\t\t\t\t\t\t<p><label> Numer telefonu*<br \/>\n<span class=\"wpcf7-form-control-wrap\" data-name=\"tel-669\"><input size=\"40\" maxlength=\"400\" class=\"wpcf7-form-control wpcf7-tel wpcf7-validates-as-required wpcf7-text wpcf7-validates-as-tel\" aria-required=\"true\" aria-invalid=\"false\" value=\"\" type=\"tel\" name=\"tel-669\" \/><\/span><\/label>\n\t\t\t\t\t\t<\/p>\n\t\t\t\t\t<\/div>\n\t\t\t\t<\/div>\n\t\t\t\t<p><span id=\"wpcf7-69e610478d442-wrapper\" class=\"wpcf7-form-control-wrap website-819-wrap\" ><label for=\"wpcf7-69e610478d442-field\" class=\"hp-message\">Bitte lasse dieses Feld leer.<\/label><input id=\"wpcf7-69e610478d442-field\"  class=\"wpcf7-form-control wpcf7-text\" type=\"text\" name=\"website-819\" value=\"\" size=\"40\" tabindex=\"-1\" autocomplete=\"new-password\" \/><\/span><br \/>\n<label> Dotyczy*<br \/>\n<span class=\"wpcf7-form-control-wrap\" data-name=\"your-subject\"><input size=\"40\" maxlength=\"400\" class=\"wpcf7-form-control wpcf7-text\" aria-invalid=\"false\" value=\"\" type=\"text\" name=\"your-subject\" \/><\/span> <\/label><br \/>\n<span class=\"wpcf7-form-control-wrap\" data-name=\"checkbox-489\"><span class=\"wpcf7-form-control wpcf7-checkbox\"><span class=\"wpcf7-list-item first\"><input type=\"checkbox\" name=\"checkbox-489[]\" value=\"Plastikowe\" \/><span class=\"wpcf7-list-item-label\">Plastikowe<\/span><\/span><span class=\"wpcf7-list-item\"><input type=\"checkbox\" name=\"checkbox-489[]\" value=\"Metalowe\" \/><span class=\"wpcf7-list-item-label\">Metalowe<\/span><\/span><span class=\"wpcf7-list-item\"><input type=\"checkbox\" name=\"checkbox-489[]\" value=\"Szklane\" \/><span class=\"wpcf7-list-item-label\">Szklane<\/span><\/span><span class=\"wpcf7-list-item last\"><input type=\"checkbox\" name=\"checkbox-489[]\" value=\"Inne powierzchnie\" \/><span class=\"wpcf7-list-item-label\">Inne powierzchnie<\/span><\/span><\/span><\/span>\n\t\t\t\t<\/p>\n\t\t\t\t<p><label> Wiadomo\u015b\u0107<br \/>\n<span class=\"wpcf7-form-control-wrap\" data-name=\"your-message\"><textarea cols=\"40\" rows=\"10\" maxlength=\"2000\" class=\"wpcf7-form-control wpcf7-textarea\" aria-invalid=\"false\" name=\"your-message\"><\/textarea><\/span> <\/label><br \/>\nPola oznaczone * s\u0105 obowi\u0105zkowe.\n\t\t\t\t<\/p>\n\t\t\t\t<p><span class=\"wpcf7-form-control-wrap\" data-name=\"acceptance-141\"><span class=\"wpcf7-form-control wpcf7-acceptance\"><span class=\"wpcf7-list-item\"><label><input type=\"checkbox\" name=\"acceptance-141\" value=\"1\" checked=\"checked\" aria-invalid=\"false\" \/><span class=\"wpcf7-list-item-label\">Formularz zgody Formularz kontaktowy:\nTak, przeczyta\u0142em polityk\u0119 prywatno\u015bci i zgadzam si\u0119, \u017ce dostarczone przeze mnie dane b\u0119d\u0105 gromadzone i przechowywane w formie elektronicznej. Moje dane s\u0105 wykorzystywane wy\u0142\u0105cznie \u015bci\u015ble do przetwarzania i odpowiadania na moj\u0105 pro\u015bb\u0119. Przesy\u0142aj\u0105c formularz kontaktowy, wyra\u017cam zgod\u0119 na przetwarzanie. W ka\u017cdej chwili mog\u0119 cofn\u0105\u0107 moj\u0105 zgod\u0119.<\/span><\/label><\/span><\/span><\/span><br \/>\n<div class=\"h-captcha\" data-sitekey=\"f848e3d2-a8b2-4eb0-bc34-3102c288b6ee\" data-size=\"normal\" data-theme=\"light\" data-lang=\"pl\"><\/div><span class=\"wpcf7-form-control-wrap cf7apps-hcaptcha\" data-name=\"cf7apps-hcaptcha\"><input type=\"hidden\" name=\"cf7apps-hcaptcha\" value=\"\" class=\"wpcf7-form-control\"><\/span>\n\t\t\t\t<\/p>\n\t\t\t\t<p><input class=\"wpcf7-form-control wpcf7-submit has-spinner\" type=\"submit\" value=\"nada\u0107\" \/>\n\t\t\t\t<\/p>\n\t\t\t<\/div>\n\t\t<\/div>\n\t<\/div>\n<\/div><div class=\"wpcf7-response-output\" aria-hidden=\"true\"><\/div>\n<\/form>\n<\/div>\n\n\n\n\n<p><\/p>\n<\/div><\/div><\/div>\n<\/div><\/div>\n","protected":false},"excerpt":{"rendered":"<p>arcotest GmbH Rotweg 2571297 MoensheimNiemcy Telefon +49 7044 902 270Fax +49 7044 902 269 Zapytania, porady i sprzeda\u017c<\/p>\n","protected":false},"author":1,"featured_media":0,"parent":0,"menu_order":0,"comment_status":"closed","ping_status":"closed","template":"","meta":{"footnotes":""},"class_list":["post-1282","page","type-page","status-publish","hentry"],"blocksy_meta":{"styles_descriptor":{"styles":{"desktop":"","tablet":"","mobile":""},"google_fonts":[],"version":6}},"featured_image_src":null,"featured_image_src_square":null,"_links":{"self":[{"href":"https:\/\/arcotest.info\/pl\/wp-json\/wp\/v2\/pages\/1282","targetHints":{"allow":["GET"]}}],"collection":[{"href":"https:\/\/arcotest.info\/pl\/wp-json\/wp\/v2\/pages"}],"about":[{"href":"https:\/\/arcotest.info\/pl\/wp-json\/wp\/v2\/types\/page"}],"author":[{"embeddable":true,"href":"https:\/\/arcotest.info\/pl\/wp-json\/wp\/v2\/users\/1"}],"replies":[{"embeddable":true,"href":"https:\/\/arcotest.info\/pl\/wp-json\/wp\/v2\/comments?post=1282"}],"version-history":[{"count":0,"href":"https:\/\/arcotest.info\/pl\/wp-json\/wp\/v2\/pages\/1282\/revisions"}],"wp:attachment":[{"href":"https:\/\/arcotest.info\/pl\/wp-json\/wp\/v2\/media?parent=1282"}],"curies":[{"name":"wp","href":"https:\/\/api.w.org\/{rel}","templated":true}]}}