{"id":1874,"date":"2019-06-19T13:33:35","date_gmt":"2019-06-19T11:33:35","guid":{"rendered":"https:\/\/arcotest.info\/contacto\/"},"modified":"2022-09-22T13:57:32","modified_gmt":"2022-09-22T11:57:32","slug":"contacto","status":"publish","type":"page","link":"https:\/\/arcotest.info\/pt-pt\/contacto\/","title":{"rendered":"Contacto"},"content":{"rendered":"\n<div style=\"height:55px\" aria-hidden=\"true\" class=\"wp-block-spacer\"><\/div>\n\n\n\n<div class=\"wp-block-stackable-columns stk-block-columns stk-block stk-c58df02\" data-block-id=\"c58df02\"><div class=\"stk-row stk-inner-blocks stk-block-content stk-content-align stk-c58df02-column\">\n<div class=\"wp-block-stackable-column stk-block-column stk-block-column--v2 stk-column stk-block stk-af08d76\" data-block-id=\"af08d76\"><style>@media screen and (min-width:690px){.stk-af08d76{flex:1 1 33.3% !important}}<\/style><div class=\"stk-column-wrapper stk-block-column__content stk-container stk-af08d76-container stk--no-background stk--no-padding\"><div class=\"stk-block-content stk-inner-blocks stk-af08d76-inner-blocks\">\n<h2 class=\"wp-block-heading\" id=\"h-arcotest-gmbh\">arcotest GmbH<\/h2>\n\n\n\n<p>Rotweg 25<br>71297 Moensheim<br>Alemanha<\/p>\n\n\n\n<p>Telefone +49 7044 902 270<br>Fax +49 7044 902 269<\/p>\n\n\n\n<figure class=\"wp-block-image size-large\"><img loading=\"lazy\" decoding=\"async\" width=\"1024\" height=\"557\" src=\"https:\/\/arcotest.info\/wp-content\/uploads\/2018\/09\/arcotest-Firma_-1024x557.jpg\" alt=\"arcotest GmbH\" class=\"wp-image-3739\" srcset=\"https:\/\/arcotest.info\/wp-content\/uploads\/2018\/09\/arcotest-Firma_-1024x557.jpg 1024w, https:\/\/arcotest.info\/wp-content\/uploads\/2018\/09\/arcotest-Firma_-150x82.jpg 150w, https:\/\/arcotest.info\/wp-content\/uploads\/2018\/09\/arcotest-Firma_-300x163.jpg 300w, https:\/\/arcotest.info\/wp-content\/uploads\/2018\/09\/arcotest-Firma_-768x418.jpg 768w, https:\/\/arcotest.info\/wp-content\/uploads\/2018\/09\/arcotest-Firma_-260x142.jpg 260w, https:\/\/arcotest.info\/wp-content\/uploads\/2018\/09\/arcotest-Firma_-50x27.jpg 50w, https:\/\/arcotest.info\/wp-content\/uploads\/2018\/09\/arcotest-Firma_-138x75.jpg 138w, https:\/\/arcotest.info\/wp-content\/uploads\/2018\/09\/arcotest-Firma_-600x327.jpg 600w, https:\/\/arcotest.info\/wp-content\/uploads\/2018\/09\/arcotest-Firma_.jpg 1240w\" sizes=\"auto, (max-width: 1024px) 100vw, 1024px\" \/><\/figure>\n\n\n\n<div class=\"wp-block-group is-nowrap is-layout-flex wp-container-core-group-is-layout-6c531013 wp-block-group-is-layout-flex\">\n<figure class=\"wp-block-image alignleft size-large is-resized\"><img loading=\"lazy\" decoding=\"async\" src=\"https:\/\/arcotest.info\/wp-content\/uploads\/2019\/12\/de.png\" alt=\"Alemanha\" class=\"wp-image-6271\" width=\"48\" height=\"48\" srcset=\"https:\/\/arcotest.info\/wp-content\/uploads\/2019\/12\/de.png 64w, https:\/\/arcotest.info\/wp-content\/uploads\/2019\/12\/de-50x50.png 50w\" sizes=\"auto, (max-width: 48px) 100vw, 48px\" \/><\/figure>\n\n\n\n<figure class=\"wp-block-image alignleft size-large is-resized\"><img loading=\"lazy\" decoding=\"async\" src=\"https:\/\/arcotest.info\/wp-content\/uploads\/2020\/07\/uk.png\" alt=\"Inglaterra\" class=\"wp-image-16119\" width=\"48\" height=\"48\" srcset=\"https:\/\/arcotest.info\/wp-content\/uploads\/2020\/07\/uk.png 64w, https:\/\/arcotest.info\/wp-content\/uploads\/2020\/07\/uk-50x50.png 50w\" sizes=\"auto, (max-width: 48px) 100vw, 48px\" \/><\/figure>\n\n\n\n<figure class=\"wp-block-image alignleft size-large is-resized\"><img loading=\"lazy\" decoding=\"async\" src=\"https:\/\/arcotest.info\/wp-content\/uploads\/2019\/12\/fr.png\" alt=\"France\" class=\"wp-image-6307\" width=\"48\" height=\"48\" srcset=\"https:\/\/arcotest.info\/wp-content\/uploads\/2019\/12\/fr.png 64w, https:\/\/arcotest.info\/wp-content\/uploads\/2019\/12\/fr-50x50.png 50w\" sizes=\"auto, (max-width: 48px) 100vw, 48px\" \/><\/figure>\n<\/div>\n<\/div><\/div><\/div>\n\n\n\n<div class=\"wp-block-stackable-column stk-block-column stk-block-column--v2 stk-column stk-block stk-ffb04f0\" data-block-id=\"ffb04f0\"><style>@media screen and (min-width:690px){.stk-ffb04f0{flex:1 1 66.7% !important}}<\/style><div class=\"stk-column-wrapper stk-block-column__content stk-container stk-ffb04f0-container stk--no-background stk--no-padding\"><div class=\"stk-block-content stk-inner-blocks stk-ffb04f0-inner-blocks\">\n<h2 class=\"wp-block-heading\" id=\"h-consultas-conselhos-e-vendas\">Consultas, conselhos e vendas<\/h2>\n\n\n\n<div class=\"wpcf7 no-js\" id=\"wpcf7-f1875-o1\" lang=\"de-DE\" dir=\"ltr\" data-wpcf7-id=\"1875\">\n<div class=\"screen-reader-response\"><p role=\"status\" aria-live=\"polite\" aria-atomic=\"true\"><\/p> <ul><\/ul><\/div>\n<form action=\"\/pt-pt\/wp-json\/wp\/v2\/pages\/1874#wpcf7-f1875-o1\" method=\"post\" class=\"wpcf7-form init\" aria-label=\"Kontaktformular\" novalidate=\"novalidate\" data-status=\"init\">\n<fieldset class=\"hidden-fields-container\"><input type=\"hidden\" name=\"_wpcf7\" value=\"1875\" \/><input type=\"hidden\" name=\"_wpcf7_version\" value=\"6.1.5\" \/><input type=\"hidden\" name=\"_wpcf7_locale\" value=\"de_DE\" \/><input type=\"hidden\" name=\"_wpcf7_unit_tag\" value=\"wpcf7-f1875-o1\" \/><input type=\"hidden\" name=\"_wpcf7_container_post\" value=\"0\" \/><input type=\"hidden\" name=\"_wpcf7_posted_data_hash\" value=\"\" \/>\n<\/fieldset>\n<p><label> Empresa<br \/>\n<span class=\"wpcf7-form-control-wrap\" data-name=\"firma\"><input size=\"40\" maxlength=\"400\" class=\"wpcf7-form-control wpcf7-text wpcf7-validates-as-required\" aria-required=\"true\" aria-invalid=\"false\" value=\"\" type=\"text\" name=\"firma\" \/><\/span><\/label>\n<\/p>\n<div>\n\t<div class=\"grid4\">\n\t\t<div>\n\t\t\t<p><label> Nome*<br \/>\n<span class=\"wpcf7-form-control-wrap\" data-name=\"vor-name\"><input size=\"40\" maxlength=\"400\" class=\"wpcf7-form-control wpcf7-text wpcf7-validates-as-required\" aria-required=\"true\" aria-invalid=\"false\" value=\"\" type=\"text\" name=\"vor-name\" \/><\/span> <\/label>\n\t\t\t<\/p>\n\t\t<\/div>\n\t\t<div>\n\t\t\t<p><label> Sobrenome*<br \/>\n<span class=\"wpcf7-form-control-wrap\" data-name=\"nach-name\"><input size=\"40\" maxlength=\"400\" class=\"wpcf7-form-control wpcf7-text wpcf7-validates-as-required\" aria-required=\"true\" aria-invalid=\"false\" value=\"\" type=\"text\" name=\"nach-name\" \/><\/span> <\/label>\n\t\t\t<\/p>\n\t\t<\/div>\n\t<\/div>\n\t<p><label> Rua e n\u00famero da porta<br \/>\n<span class=\"wpcf7-form-control-wrap\" data-name=\"strasse\"><input size=\"40\" maxlength=\"400\" class=\"wpcf7-form-control wpcf7-text wpcf7-validates-as-required\" aria-required=\"true\" aria-invalid=\"false\" value=\"\" type=\"text\" name=\"strasse\" \/><\/span><\/label>\n\t<\/p>\n\t<div>\n\t\t<div class=\"grid4\">\n\t\t\t<div>\n\t\t\t\t<p><label> C\u00f3digo Postal*<br \/>\n<span class=\"wpcf7-form-control-wrap\" data-name=\"plz\"><input size=\"40\" maxlength=\"400\" class=\"wpcf7-form-control wpcf7-text wpcf7-validates-as-required\" aria-required=\"true\" aria-invalid=\"false\" value=\"\" type=\"text\" name=\"plz\" \/><\/span> <\/label>\n\t\t\t\t<\/p>\n\t\t\t<\/div>\n\t\t\t<div>\n\t\t\t\t<p><label> Cidade*<br \/>\n<span class=\"wpcf7-form-control-wrap\" data-name=\"stadt\"><input size=\"40\" maxlength=\"400\" class=\"wpcf7-form-control wpcf7-text wpcf7-validates-as-required\" aria-required=\"true\" aria-invalid=\"false\" value=\"\" type=\"text\" name=\"stadt\" \/><\/span><\/label>\n\t\t\t\t<\/p>\n\t\t\t<\/div>\n\t\t<\/div>\n\t\t<p><label> Na\u00e7\u00e3o*<br \/>\n<span class=\"wpcf7-form-control-wrap\" data-name=\"land\"><input size=\"40\" maxlength=\"400\" class=\"wpcf7-form-control wpcf7-text wpcf7-validates-as-required\" aria-required=\"true\" aria-invalid=\"false\" value=\"\" type=\"text\" name=\"land\" \/><\/span><\/label>\n\t\t<\/p>\n\t\t<div>\n\t\t\t<div class=\"grid4\">\n\t\t\t\t<div>\n\t\t\t\t\t<p><label> Email*<br \/>\n<span class=\"wpcf7-form-control-wrap\" data-name=\"email-430\"><input size=\"40\" maxlength=\"400\" class=\"wpcf7-form-control wpcf7-email wpcf7-validates-as-required wpcf7-text wpcf7-validates-as-email\" aria-required=\"true\" aria-invalid=\"false\" value=\"\" type=\"email\" name=\"email-430\" \/><\/span><\/label>\n\t\t\t\t\t<\/p>\n\t\t\t\t<\/div>\n\t\t\t\t<div>\n\t\t\t\t\t<p><label> Telefone*<br \/>\n<span class=\"wpcf7-form-control-wrap\" data-name=\"tel-669\"><input size=\"40\" maxlength=\"400\" class=\"wpcf7-form-control wpcf7-tel wpcf7-validates-as-required wpcf7-text wpcf7-validates-as-tel\" aria-required=\"true\" aria-invalid=\"false\" value=\"\" type=\"tel\" name=\"tel-669\" \/><\/span><\/label>\n\t\t\t\t\t<\/p>\n\t\t\t\t<\/div>\n\t\t\t<\/div>\n\t\t\t<p><span id=\"wpcf7-69e610ebc12fc-wrapper\" class=\"wpcf7-form-control-wrap website-819-wrap\" ><label for=\"wpcf7-69e610ebc12fc-field\" class=\"hp-message\">Bitte lasse dieses Feld leer.<\/label><input id=\"wpcf7-69e610ebc12fc-field\"  class=\"wpcf7-form-control wpcf7-text\" type=\"text\" name=\"website-819\" value=\"\" size=\"40\" tabindex=\"-1\" autocomplete=\"new-password\" \/><\/span><br \/>\n<label> Assunto*<br \/>\n<span class=\"wpcf7-form-control-wrap\" data-name=\"your-subject\"><input size=\"40\" maxlength=\"400\" class=\"wpcf7-form-control wpcf7-text wpcf7-validates-as-required\" aria-required=\"true\" aria-invalid=\"false\" value=\"\" type=\"text\" name=\"your-subject\" \/><\/span> <\/label><br \/>\n<span class=\"wpcf7-form-control-wrap\" data-name=\"checkbox-489\"><span class=\"wpcf7-form-control wpcf7-checkbox\"><span class=\"wpcf7-list-item first\"><input type=\"checkbox\" name=\"checkbox-489[]\" value=\"Pl\u00e1stico\" \/><span class=\"wpcf7-list-item-label\">Pl\u00e1stico<\/span><\/span><span class=\"wpcf7-list-item\"><input type=\"checkbox\" name=\"checkbox-489[]\" value=\"Metal\" \/><span class=\"wpcf7-list-item-label\">Metal<\/span><\/span><span class=\"wpcf7-list-item\"><input type=\"checkbox\" name=\"checkbox-489[]\" value=\"Vidro\" \/><span class=\"wpcf7-list-item-label\">Vidro<\/span><\/span><span class=\"wpcf7-list-item last\"><input type=\"checkbox\" name=\"checkbox-489[]\" value=\"Outras superf\u00edcies\" \/><span class=\"wpcf7-list-item-label\">Outras superf\u00edcies<\/span><\/span><\/span><\/span>\n\t\t\t<\/p>\n\t\t\t<p><label> A sua mensagem<br \/>\n<span class=\"wpcf7-form-control-wrap\" data-name=\"your-message\"><textarea cols=\"40\" rows=\"10\" maxlength=\"2000\" class=\"wpcf7-form-control wpcf7-textarea\" aria-invalid=\"false\" name=\"your-message\"><\/textarea><\/span> <\/label><br \/>\nOs campos com * s\u00e3o obrigat\u00f3rios\n\t\t\t<\/p>\n\t\t\t<p><span class=\"wpcf7-form-control-wrap\" data-name=\"acceptance-141\"><span class=\"wpcf7-form-control wpcf7-acceptance\"><span class=\"wpcf7-list-item\"><label><input type=\"checkbox\" name=\"acceptance-141\" value=\"1\" checked=\"checked\" aria-invalid=\"false\" \/><span class=\"wpcf7-list-item-label\">Formul\u00e1rio de contacto da declara\u00e7\u00e3o de consentimento: Sim, tomei conhecimento da Pol\u00edtica de Privacidade e concordo que os dados que eu fornecer ser\u00e3o recolhidos e armazenados eletronicamente. Sendo que os meus dados ser\u00e3o usados estritamente para o processamento e atendimento do meu pedido. Ao enviar o formul\u00e1rio de contacto, declaro que concordo com o processamento. Posso revogar o meu consentimento a qualquer momento.<\/span><\/label><\/span><\/span><\/span><br \/>\n<div class=\"h-captcha\" data-sitekey=\"f848e3d2-a8b2-4eb0-bc34-3102c288b6ee\" data-size=\"normal\" data-theme=\"light\" data-lang=\"pt\"><\/div><span class=\"wpcf7-form-control-wrap cf7apps-hcaptcha\" data-name=\"cf7apps-hcaptcha\"><input type=\"hidden\" name=\"cf7apps-hcaptcha\" value=\"\" class=\"wpcf7-form-control\"><\/span>\n\t\t\t<\/p>\n\t\t\t<p><input class=\"wpcf7-form-control wpcf7-submit has-spinner\" type=\"submit\" value=\"enviar\" \/>\n\t\t\t<\/p>\n\t\t<\/div>\n\t<\/div>\n<\/div><div class=\"wpcf7-response-output\" aria-hidden=\"true\"><\/div>\n<\/form>\n<\/div>\n\n<\/div><\/div><\/div>\n<\/div><\/div>\n","protected":false},"excerpt":{"rendered":"<p>arcotest GmbH Rotweg 2571297 MoensheimAlemanha Telefone +49 7044 902 270Fax +49 7044 902 269 Consultas, conselhos e vendas<\/p>\n","protected":false},"author":1,"featured_media":0,"parent":0,"menu_order":0,"comment_status":"closed","ping_status":"closed","template":"","meta":{"footnotes":""},"class_list":["post-1874","page","type-page","status-publish","hentry"],"blocksy_meta":{"styles_descriptor":{"styles":{"desktop":"","tablet":"","mobile":""},"google_fonts":[],"version":6}},"featured_image_src":null,"featured_image_src_square":null,"_links":{"self":[{"href":"https:\/\/arcotest.info\/pt-pt\/wp-json\/wp\/v2\/pages\/1874","targetHints":{"allow":["GET"]}}],"collection":[{"href":"https:\/\/arcotest.info\/pt-pt\/wp-json\/wp\/v2\/pages"}],"about":[{"href":"https:\/\/arcotest.info\/pt-pt\/wp-json\/wp\/v2\/types\/page"}],"author":[{"embeddable":true,"href":"https:\/\/arcotest.info\/pt-pt\/wp-json\/wp\/v2\/users\/1"}],"replies":[{"embeddable":true,"href":"https:\/\/arcotest.info\/pt-pt\/wp-json\/wp\/v2\/comments?post=1874"}],"version-history":[{"count":0,"href":"https:\/\/arcotest.info\/pt-pt\/wp-json\/wp\/v2\/pages\/1874\/revisions"}],"wp:attachment":[{"href":"https:\/\/arcotest.info\/pt-pt\/wp-json\/wp\/v2\/media?parent=1874"}],"curies":[{"name":"wp","href":"https:\/\/api.w.org\/{rel}","templated":true}]}}