{"id":18245,"date":"2020-09-25T09:56:32","date_gmt":"2020-09-25T07:56:32","guid":{"rendered":"https:\/\/arcotest.info\/prislusenstvo\/"},"modified":"2021-05-06T19:47:45","modified_gmt":"2021-05-06T17:47:45","slug":"prislusenstvo","status":"publish","type":"page","link":"https:\/\/arcotest.info\/sk\/prislusenstvo\/","title":{"rendered":"Pr\u00edslu\u0161enstvo"},"content":{"rendered":"\n<div style=\"height:20px\" aria-hidden=\"true\" class=\"wp-block-spacer\"><\/div>\n\n<section class=\"wp-block-uagb-columns uagb-columns__wrap uagb-columns__background-undefined uagb-columns__stack-mobile uagb-columns__valign-undefined uagb-columns__gap-10 alignundefined uagb-block-bc93aa0e\"><div class=\"uagb-columns__overlay\"><\/div><div class=\"uagb-columns__inner-wrap uagb-columns__columns-1\">\n<div class=\"wp-block-uagb-column uagb-column__wrap uagb-column__background-undefined uagb-block-2a3ade08\"><div class=\"uagb-column__overlay\"><\/div><div class=\"uagb-column__inner-wrap\">\n<h2 class=\"wp-block-heading\">Pr\u00edslu\u0161enstvo a \u010distenie<\/h2>\n\n\n\n<p><\/p>\n<\/div><\/div>\n<\/div><\/section>\n\n<div style=\"height:20px\" aria-hidden=\"true\" class=\"wp-block-spacer\"><\/div>\n\n<section class=\"wp-block-uagb-columns uagb-columns__wrap uagb-columns__background-color uagb-columns__stack-mobile uagb-columns__valign-undefined uagb-columns__gap-10 alignundefined uagb-block-d17cf5a1\"><div class=\"uagb-columns__overlay\"><\/div><div class=\"uagb-columns__inner-wrap uagb-columns__columns-3\">\n<div class=\"wp-block-uagb-column uagb-column__wrap uagb-column__background-undefined uagb-block-ade73ea6\"><div class=\"uagb-column__overlay\"><\/div><div class=\"uagb-column__inner-wrap\">\n<figure class=\"wp-block-image size-large\"><img loading=\"lazy\" decoding=\"async\" width=\"800\" height=\"520\" src=\"https:\/\/arcotest.info\/wp-content\/uploads\/2020\/10\/ORGANIC-Koffer.jpg\" alt=\"Prepravn&#xFD; kufr&#xED;k\" class=\"wp-image-18624\" srcset=\"https:\/\/arcotest.info\/wp-content\/uploads\/2020\/10\/ORGANIC-Koffer.jpg 800w, https:\/\/arcotest.info\/wp-content\/uploads\/2020\/10\/ORGANIC-Koffer-300x195.jpg 300w, https:\/\/arcotest.info\/wp-content\/uploads\/2020\/10\/ORGANIC-Koffer-150x98.jpg 150w, https:\/\/arcotest.info\/wp-content\/uploads\/2020\/10\/ORGANIC-Koffer-768x499.jpg 768w, https:\/\/arcotest.info\/wp-content\/uploads\/2020\/10\/ORGANIC-Koffer-225x146.jpg 225w, https:\/\/arcotest.info\/wp-content\/uploads\/2020\/10\/ORGANIC-Koffer-50x33.jpg 50w, https:\/\/arcotest.info\/wp-content\/uploads\/2020\/10\/ORGANIC-Koffer-115x75.jpg 115w\" sizes=\"auto, (max-width: 800px) 100vw, 800px\" \/><figcaption>Polo\u017eka \u010d. 40.20000.8<\/figcaption><\/figure>\n\n\n<h3 class=\"wp-block-heading\">arcotest\u00ae ORGANIC<br\/>Kufr\u00edk sada- 8 \u010dast\u00ed<\/h3>\n\n\n\n<p>obsah:<\/p>\n\n\n\n<p>\u2022 ORGANIC sada 32 &#8211; 44 mN\/m <br\/>\u2022 Atov\u00e9 ty\u010dinky<\/p>\n<\/div><\/div>\n\n\n\n<div class=\"wp-block-uagb-column uagb-column__wrap uagb-column__background-undefined uagb-block-11594270\"><div class=\"uagb-column__overlay\"><\/div><div class=\"uagb-column__inner-wrap\">\n<figure class=\"wp-block-image size-large\"><img loading=\"lazy\" decoding=\"async\" width=\"800\" height=\"520\" src=\"https:\/\/arcotest.info\/wp-content\/uploads\/2020\/12\/Koffer-Set-PINK.jpg\" alt=\"Kufr&#xED;k sada PINK\" class=\"wp-image-19677\" srcset=\"https:\/\/arcotest.info\/wp-content\/uploads\/2020\/12\/Koffer-Set-PINK.jpg 800w, https:\/\/arcotest.info\/wp-content\/uploads\/2020\/12\/Koffer-Set-PINK-300x195.jpg 300w, https:\/\/arcotest.info\/wp-content\/uploads\/2020\/12\/Koffer-Set-PINK-150x98.jpg 150w, https:\/\/arcotest.info\/wp-content\/uploads\/2020\/12\/Koffer-Set-PINK-768x499.jpg 768w, https:\/\/arcotest.info\/wp-content\/uploads\/2020\/12\/Koffer-Set-PINK-225x146.jpg 225w, https:\/\/arcotest.info\/wp-content\/uploads\/2020\/12\/Koffer-Set-PINK-50x33.jpg 50w, https:\/\/arcotest.info\/wp-content\/uploads\/2020\/12\/Koffer-Set-PINK-115x75.jpg 115w\" sizes=\"auto, (max-width: 800px) 100vw, 800px\" \/><figcaption>Polo\u017eka \u010d. 40.60000.8<\/figcaption><\/figure>\n\n\n<h3 class=\"wp-block-heading\">arcotest\u00ae PINK<br\/>Kufr\u00edk sada- 9 \u010dast\u00ed<\/h3>\n\n\n\n<p>obsah:<\/p>\n\n\n\n<p>\u2022 PINK sada A 32 &#8211; 44 mN\/m bez \u0161tetca <br\/>\u2022 arcotestCLEANER 250 ml <br\/>\u2022 atov\u00e9 ty\u010dinky<\/p>\n<\/div><\/div>\n\n\n\n<div class=\"wp-block-uagb-column uagb-column__wrap uagb-column__background-undefined uagb-block-49038e22\"><div class=\"uagb-column__overlay\"><\/div><div class=\"uagb-column__inner-wrap\">\n<figure class=\"wp-block-image size-large\"><img loading=\"lazy\" decoding=\"async\" width=\"800\" height=\"520\" src=\"https:\/\/arcotest.info\/wp-content\/uploads\/2020\/12\/Koffer-Set-BLAU.jpg\" alt=\"\" class=\"wp-image-19650\" srcset=\"https:\/\/arcotest.info\/wp-content\/uploads\/2020\/12\/Koffer-Set-BLAU.jpg 800w, https:\/\/arcotest.info\/wp-content\/uploads\/2020\/12\/Koffer-Set-BLAU-300x195.jpg 300w, https:\/\/arcotest.info\/wp-content\/uploads\/2020\/12\/Koffer-Set-BLAU-150x98.jpg 150w, https:\/\/arcotest.info\/wp-content\/uploads\/2020\/12\/Koffer-Set-BLAU-768x499.jpg 768w, https:\/\/arcotest.info\/wp-content\/uploads\/2020\/12\/Koffer-Set-BLAU-225x146.jpg 225w, https:\/\/arcotest.info\/wp-content\/uploads\/2020\/12\/Koffer-Set-BLAU-50x33.jpg 50w, https:\/\/arcotest.info\/wp-content\/uploads\/2020\/12\/Koffer-Set-BLAU-115x75.jpg 115w\" sizes=\"auto, (max-width: 800px) 100vw, 800px\" \/><figcaption>Polo\u017eka \u010d. 40.30001.8<\/figcaption><\/figure>\n\n\n<h3 class=\"wp-block-heading\">arcotest\u00ae BLUE<br\/>Sada kufrov- 9 \u010dast\u00ed<\/h3>\n\n\n\n<p>obsah:<\/p>\n\n\n\n<p>\u2022 BLUE sada A 28 &#8211; 56 mN\/m bez \u0161tetca<br\/>\u2022 arcotestCLEANER 250 ml <br\/>\u2022 atov\u00e9 ty\u010dinky<\/p>\n<\/div><\/div>\n<\/div><\/section>\n\n<section class=\"wp-block-uagb-columns uagb-columns__wrap uagb-columns__background-color uagb-columns__stack-mobile uagb-columns__valign-undefined uagb-columns__gap-10 alignundefined uagb-block-65f47076\"><div class=\"uagb-columns__overlay\"><\/div><div class=\"uagb-columns__inner-wrap uagb-columns__columns-1\">\n<div class=\"wp-block-uagb-column uagb-column__wrap uagb-column__background-color uagb-block-dd9e51fd\"><div class=\"uagb-column__overlay\"><\/div><div class=\"uagb-column__inner-wrap\"><\/div><\/div>\n<\/div><\/section>\n\n<section class=\"wp-block-uagb-columns uagb-columns__wrap uagb-columns__background-color uagb-columns__stack-mobile uagb-columns__valign-undefined uagb-columns__gap-10 alignundefined uagb-block-8700b69c\"><div class=\"uagb-columns__overlay\"><\/div><div class=\"uagb-columns__inner-wrap uagb-columns__columns-3\">\n<div class=\"wp-block-uagb-column uagb-column__wrap uagb-column__background-undefined uagb-block-a01a661d\"><div class=\"uagb-column__overlay\"><\/div><div class=\"uagb-column__inner-wrap\">\n<div class=\"wp-block-image\"><figure class=\"alignleft size-large\"><img loading=\"lazy\" decoding=\"async\" width=\"800\" height=\"520\" src=\"https:\/\/arcotest.info\/wp-content\/uploads\/2020\/10\/ORGANIC-Koffer.jpg\" alt=\"Prepravn&#xFD; kufr&#xED;k\" class=\"wp-image-18624\" srcset=\"https:\/\/arcotest.info\/wp-content\/uploads\/2020\/10\/ORGANIC-Koffer.jpg 800w, https:\/\/arcotest.info\/wp-content\/uploads\/2020\/10\/ORGANIC-Koffer-300x195.jpg 300w, https:\/\/arcotest.info\/wp-content\/uploads\/2020\/10\/ORGANIC-Koffer-150x98.jpg 150w, https:\/\/arcotest.info\/wp-content\/uploads\/2020\/10\/ORGANIC-Koffer-768x499.jpg 768w, https:\/\/arcotest.info\/wp-content\/uploads\/2020\/10\/ORGANIC-Koffer-225x146.jpg 225w, https:\/\/arcotest.info\/wp-content\/uploads\/2020\/10\/ORGANIC-Koffer-50x33.jpg 50w, https:\/\/arcotest.info\/wp-content\/uploads\/2020\/10\/ORGANIC-Koffer-115x75.jpg 115w\" sizes=\"auto, (max-width: 800px) 100vw, 800px\" \/><figcaption>Polo\u017eka \u010d. 40.31800.5<\/figcaption><\/figure><\/div>\n\n\n\n<h3 class=\"wp-block-heading\">Testovacie atramenty arcotest\u00ae ORGANIC<\/h3>\n\n\n\n<p>Na\u0161e prepravn\u00e9 kufr\u00edky arcotest\u00ae ORGANIC, mal\u00e9 boli <strong>vyvinut\u00e9 nanovo<\/strong>. <br\/>Pri v\u00fdrobe na\u0161ich zelen\u00fdch kufr\u00edkov sme \u00faplne upustili od pou\u017e\u00edvania ropy. <br\/>A\u017e z <strong>93 % pozost\u00e1va z obnovite\u013en\u00fdch surov\u00edn<\/strong> ak\u00fdmi s\u00fa gluk\u00f3za, pr\u00edrodn\u00e9 vosky, miner\u00e1ly \u010di pr\u00edrodn\u00e9 vl\u00e1kna. <\/p>\n\n\n\n<p><strong>Kufr\u00edk je kompletne recyklovate\u013en\u00fd.<\/strong><\/p>\n\n\n\n<p><\/p>\n\n\n\n<p>Pre 7 f\u013ea\u0161ti\u010diek s testovac\u00edm atramentom po 10 ml <br\/>Vkladac\u00ed prie\u010dinok pre testovacie fixky alebo vatov\u00e9 ty\u010dinky. <br\/>Bez obsahu.<\/p>\n<\/div><\/div>\n\n\n\n<div class=\"wp-block-uagb-column uagb-column__wrap uagb-column__background-undefined uagb-block-d1360e70\"><div class=\"uagb-column__overlay\"><\/div><div class=\"uagb-column__inner-wrap\">\n<div class=\"wp-block-image\"><figure class=\"alignleft size-large\"><img loading=\"lazy\" decoding=\"async\" width=\"800\" height=\"520\" src=\"https:\/\/arcotest.info\/wp-content\/uploads\/2020\/12\/Transportkoffer-klein800x520.jpg\" alt=\"Prepravn&#xFD; kufr&#xED;k\" class=\"wp-image-19772\" srcset=\"https:\/\/arcotest.info\/wp-content\/uploads\/2020\/12\/Transportkoffer-klein800x520.jpg 800w, https:\/\/arcotest.info\/wp-content\/uploads\/2020\/12\/Transportkoffer-klein800x520-300x195.jpg 300w, https:\/\/arcotest.info\/wp-content\/uploads\/2020\/12\/Transportkoffer-klein800x520-150x98.jpg 150w, https:\/\/arcotest.info\/wp-content\/uploads\/2020\/12\/Transportkoffer-klein800x520-768x499.jpg 768w, https:\/\/arcotest.info\/wp-content\/uploads\/2020\/12\/Transportkoffer-klein800x520-225x146.jpg 225w, https:\/\/arcotest.info\/wp-content\/uploads\/2020\/12\/Transportkoffer-klein800x520-50x33.jpg 50w, https:\/\/arcotest.info\/wp-content\/uploads\/2020\/12\/Transportkoffer-klein800x520-115x75.jpg 115w\" sizes=\"auto, (max-width: 800px) 100vw, 800px\" \/><figcaption>Polo\u017eka \u010d. 40.31800.0<\/figcaption><\/figure><\/div>\n\n\n\n<h3 class=\"wp-block-heading\">Prepravn\u00fd kufr\u00edk, mal\u00fd<\/h3>\n\n\n\n<p>Na prepravu a skladovanie f\u013ea\u0161ti\u010diek s testovac\u00edm atramentom. <br\/>Ide\u00e1lne na odkladanie f\u013ea\u0161ti\u010diek pri pou\u017e\u00edvan\u00ed.<\/p>\n\n\n\n<p>Pre 7 f\u013ea\u0161ti\u010diek s testovac\u00edm atramentom po 10 ml <br\/>Vkladac\u00ed prie\u010dinok pre testovacie fixky alebo vatov\u00e9 ty\u010dinky. <br\/>Bez obsahu.<\/p>\n<\/div><\/div>\n\n\n\n<div class=\"wp-block-uagb-column uagb-column__wrap uagb-column__background-undefined uagb-block-fdffd8dc\"><div class=\"uagb-column__overlay\"><\/div><div class=\"uagb-column__inner-wrap\">\n<div class=\"wp-block-image\"><figure class=\"alignleft size-large\"><img loading=\"lazy\" decoding=\"async\" width=\"800\" height=\"520\" src=\"https:\/\/arcotest.info\/wp-content\/uploads\/2020\/12\/Transportkoffer-gross800x520.jpg\" alt=\"Prepravn&#xFD; kufr&#xED;k\" class=\"wp-image-19799\" srcset=\"https:\/\/arcotest.info\/wp-content\/uploads\/2020\/12\/Transportkoffer-gross800x520.jpg 800w, https:\/\/arcotest.info\/wp-content\/uploads\/2020\/12\/Transportkoffer-gross800x520-300x195.jpg 300w, https:\/\/arcotest.info\/wp-content\/uploads\/2020\/12\/Transportkoffer-gross800x520-150x98.jpg 150w, https:\/\/arcotest.info\/wp-content\/uploads\/2020\/12\/Transportkoffer-gross800x520-768x499.jpg 768w, https:\/\/arcotest.info\/wp-content\/uploads\/2020\/12\/Transportkoffer-gross800x520-225x146.jpg 225w, https:\/\/arcotest.info\/wp-content\/uploads\/2020\/12\/Transportkoffer-gross800x520-50x33.jpg 50w, https:\/\/arcotest.info\/wp-content\/uploads\/2020\/12\/Transportkoffer-gross800x520-115x75.jpg 115w\" sizes=\"auto, (max-width: 800px) 100vw, 800px\" \/><figcaption>Polo\u017eka \u010d. 40.31900.0<\/figcaption><\/figure><\/div>\n\n\n\n<h3 class=\"wp-block-heading\">Prepravn\u00fd kufr\u00edk, ve\u013ek\u00fd<\/h3>\n\n\n\n<p>Na prepravu a skladovanie f\u013ea\u0161ti\u010diek s testovac\u00edm atramentom. <br\/>Ide\u00e1lne na odkladanie f\u013ea\u0161ti\u010diek pri pou\u017e\u00edvan\u00ed.<\/p>\n\n\n\n<p>Pre 24 f\u013ea\u0161ti\u010diek s testovac\u00edm atramentom po 10 ml. <br\/>Bez obsahu.<\/p>\n<\/div><\/div>\n<\/div><\/section>\n\n<div style=\"height:20px\" aria-hidden=\"true\" class=\"wp-block-spacer\"><\/div>\n\n<section class=\"wp-block-uagb-columns uagb-columns__wrap uagb-columns__background-undefined uagb-columns__stack-mobile uagb-columns__valign-undefined uagb-columns__gap-10 alignundefined uagb-block-19bce32f\"><div class=\"uagb-columns__overlay\"><\/div><div class=\"uagb-columns__inner-wrap uagb-columns__columns-3\">\n<div class=\"wp-block-uagb-column uagb-column__wrap uagb-column__background-undefined uagb-block-8ebb362e\"><div class=\"uagb-column__overlay\"><\/div><div class=\"uagb-column__inner-wrap\">\n<div class=\"wp-block-image\"><figure class=\"alignleft size-large\"><img loading=\"lazy\" decoding=\"async\" width=\"800\" height=\"520\" src=\"https:\/\/arcotest.info\/wp-content\/uploads\/2020\/02\/Wattesticks-800x520-1.jpg\" alt=\"atov&#xE9; ty&#x10D;inky\" class=\"wp-image-7445\" srcset=\"https:\/\/arcotest.info\/wp-content\/uploads\/2020\/02\/Wattesticks-800x520-1.jpg 800w, https:\/\/arcotest.info\/wp-content\/uploads\/2020\/02\/Wattesticks-800x520-1-300x195.jpg 300w, https:\/\/arcotest.info\/wp-content\/uploads\/2020\/02\/Wattesticks-800x520-1-150x98.jpg 150w, https:\/\/arcotest.info\/wp-content\/uploads\/2020\/02\/Wattesticks-800x520-1-768x499.jpg 768w, https:\/\/arcotest.info\/wp-content\/uploads\/2020\/02\/Wattesticks-800x520-1-225x146.jpg 225w, https:\/\/arcotest.info\/wp-content\/uploads\/2020\/02\/Wattesticks-800x520-1-50x33.jpg 50w, https:\/\/arcotest.info\/wp-content\/uploads\/2020\/02\/Wattesticks-800x520-1-115x75.jpg 115w\" sizes=\"auto, (max-width: 800px) 100vw, 800px\" \/><figcaption>Polo\u017eka \u010d. 40.31700.0<\/figcaption><\/figure><\/div>\n\n\n\n<h3 class=\"wp-block-heading\">atov\u00e9 ty\u010dinky<\/h3>\n\n\n\n<p>na nan\u00e1\u0161anie testovacieho atramentu testovan\u00e9, <br\/>100 kusov, 15 cm dlh\u00e9. <br\/>Vhodn\u00e9 na jednorazov\u00e9 pou\u017eitie v pr\u00edpade zne\u010disten\u00fdch povrchov <br\/>\u2022 Optim\u00e1lne na pou\u017eitie z 250 ml sklenen\u00fdch f\u013ea\u0161ti\u010diek<br\/><\/p>\n<\/div><\/div>\n\n\n\n<div class=\"wp-block-uagb-column uagb-column__wrap uagb-column__background-undefined uagb-block-8321cf45\"><div class=\"uagb-column__overlay\"><\/div><div class=\"uagb-column__inner-wrap\">\n<div class=\"wp-block-image\"><figure class=\"alignleft size-large\"><img loading=\"lazy\" decoding=\"async\" width=\"800\" height=\"520\" src=\"https:\/\/arcotest.info\/wp-content\/uploads\/2019\/05\/Lampe2.jpg\" alt=\"Testovacia lampa\" class=\"wp-image-1625\" srcset=\"https:\/\/arcotest.info\/wp-content\/uploads\/2019\/05\/Lampe2.jpg 800w, https:\/\/arcotest.info\/wp-content\/uploads\/2019\/05\/Lampe2-150x98.jpg 150w, https:\/\/arcotest.info\/wp-content\/uploads\/2019\/05\/Lampe2-300x195.jpg 300w, https:\/\/arcotest.info\/wp-content\/uploads\/2019\/05\/Lampe2-768x499.jpg 768w, https:\/\/arcotest.info\/wp-content\/uploads\/2019\/05\/Lampe2-225x146.jpg 225w, https:\/\/arcotest.info\/wp-content\/uploads\/2019\/05\/Lampe2-50x33.jpg 50w, https:\/\/arcotest.info\/wp-content\/uploads\/2019\/05\/Lampe2-115x75.jpg 115w\" sizes=\"auto, (max-width: 800px) 100vw, 800px\" \/><figcaption>Polo\u017eka \u010d. 40.31600.0<\/figcaption><\/figure><\/div>\n\n\n\n<h3 class=\"wp-block-heading\">Testovacia lampa<\/h3>\n\n\n\n<p>Pre lep\u0161ie rozpoznanie testovacieho vzoru.<br\/>Na pou\u017eitie pri n\u00edzkom kontraste medzi meran\u00fdmi plochami a testovac\u00edm atramentom. napr. tmav\u00fd plast\/tmav\u00fd atrament.<br\/>7 cm dlh\u00e9.<br\/><\/p>\n<\/div><\/div>\n\n\n\n<div class=\"wp-block-uagb-column uagb-column__wrap uagb-column__background-undefined uagb-block-65d6991f\"><div class=\"uagb-column__overlay\"><\/div><div class=\"uagb-column__inner-wrap\">\n<div class=\"wp-block-image\"><figure class=\"alignleft size-full\"><img loading=\"lazy\" decoding=\"async\" width=\"800\" height=\"520\" src=\"https:\/\/arcotest.info\/wp-content\/uploads\/2020\/01\/arcotestCLEANER_.jpg\" alt=\"arcotestCLEANER\" class=\"wp-image-6556\" srcset=\"https:\/\/arcotest.info\/wp-content\/uploads\/2020\/01\/arcotestCLEANER_.jpg 800w, https:\/\/arcotest.info\/wp-content\/uploads\/2020\/01\/arcotestCLEANER_-300x195.jpg 300w, https:\/\/arcotest.info\/wp-content\/uploads\/2020\/01\/arcotestCLEANER_-150x98.jpg 150w, https:\/\/arcotest.info\/wp-content\/uploads\/2020\/01\/arcotestCLEANER_-768x499.jpg 768w, https:\/\/arcotest.info\/wp-content\/uploads\/2020\/01\/arcotestCLEANER_-225x146.jpg 225w, https:\/\/arcotest.info\/wp-content\/uploads\/2020\/01\/arcotestCLEANER_-50x33.jpg 50w, https:\/\/arcotest.info\/wp-content\/uploads\/2020\/01\/arcotestCLEANER_-115x75.jpg 115w\" sizes=\"auto, (max-width: 800px) 100vw, 800px\" \/><figcaption>Polo\u017eka \u010d. 40.32000.0<\/figcaption><\/figure><\/div>\n\n\n\n<h3 class=\"wp-block-heading\" id=\"block-336401d0-ab60-4493-8cb6-a9d652544007\">arcotestCLEANER<\/h3>\n\n\n\n<p id=\"block-f72203c2-127f-4465-86ed-94eefe1283b9\">je rozp\u00fa\u0161\u0165adlo na b\u00e1ze etylalkoholu. Sl\u00fa\u017ei na zlep\u0161enie \u010distoty na r\u00f4znych povrchoch, ako s\u00fa kovy, sklo a plasty. S arcotestCLEANERom m\u00f4\u017eete testovan\u00e9 \u010dasti op\u00e4tovne pou\u017ei\u0165 utret\u00edm testovacej farby. Preto\u017ee povrchy s\u00fa ve\u013emi odli\u0161n\u00e9, pred ka\u017edou aplik\u00e1ciou by sa mala vykona\u0165 sk\u00fa\u0161ka vhodnosti.<\/p>\n\n\n\n<ul class=\"wp-block-list\" id=\"block-9c43a93f-5788-43d5-bafa-359a66116cd1\"><li>Lep\u0161ia \u010distota v\u010faka \u010disteniu povrchov<\/li><li>Rozp\u00fa\u0161\u0165adlov\u00fd syst\u00e9m na b\u00e1ze etylalkoholu<\/li><li>\u017eiadny nepr\u00edjemn\u00fd z\u00e1pach<\/li><li>ve\u013emi r\u00fdchlo schne<\/li><\/ul>\n\n\n<ul class=\"wp-block-list\" id=\"block-0e708b04-0dfb-424c-9cdd-01f050682163\"><li>m\u00f4\u017eete vy\u010disti\u0165 v jednom kroku a pr\u00edpadne zv\u00fd\u0161i\u0165 pri\u013enavos\u0165<\/li><li>\u013eahk\u00e9 \u010distenie pou\u017eit\u00fdch testovac\u00edch farieb<\/li><li>k dispoz\u00edcii v 250 ml hlin\u00edkov\u00fdch f\u013ea\u0161iach<\/li><\/ul><\/div><\/div>\n<\/div><\/section>\n","protected":false},"excerpt":{"rendered":"","protected":false},"author":1,"featured_media":0,"parent":0,"menu_order":0,"comment_status":"closed","ping_status":"closed","template":"","meta":{"footnotes":""},"class_list":["post-18245","page","type-page","status-publish","hentry"],"blocksy_meta":{"styles_descriptor":{"styles":{"desktop":"","tablet":"","mobile":""},"google_fonts":[],"version":6}},"featured_image_src":null,"featured_image_src_square":null,"_links":{"self":[{"href":"https:\/\/arcotest.info\/sk\/wp-json\/wp\/v2\/pages\/18245","targetHints":{"allow":["GET"]}}],"collection":[{"href":"https:\/\/arcotest.info\/sk\/wp-json\/wp\/v2\/pages"}],"about":[{"href":"https:\/\/arcotest.info\/sk\/wp-json\/wp\/v2\/types\/page"}],"author":[{"embeddable":true,"href":"https:\/\/arcotest.info\/sk\/wp-json\/wp\/v2\/users\/1"}],"replies":[{"embeddable":true,"href":"https:\/\/arcotest.info\/sk\/wp-json\/wp\/v2\/comments?post=18245"}],"version-history":[{"count":0,"href":"https:\/\/arcotest.info\/sk\/wp-json\/wp\/v2\/pages\/18245\/revisions"}],"wp:attachment":[{"href":"https:\/\/arcotest.info\/sk\/wp-json\/wp\/v2\/media?parent=18245"}],"curies":[{"name":"wp","href":"https:\/\/api.w.org\/{rel}","templated":true}]}}