{"id":1721,"date":"2019-05-27T10:57:26","date_gmt":"2019-05-27T08:57:26","guid":{"rendered":"https:\/\/arcotest.info\/?page_id=1721"},"modified":"2020-09-02T09:53:39","modified_gmt":"2020-09-02T07:53:39","slug":"allmanna-affarsvillkor","status":"publish","type":"page","link":"https:\/\/arcotest.info\/sv\/allmanna-affarsvillkor\/","title":{"rendered":"Allm\u00e4nna aff\u00e4rsvillkor"},"content":{"rendered":"\n<p>S\u00e4kerhetsdatablad ger information om hantering, lagring och transportf\u00f6reskrifter<\/p>\n\n\n\n<p>Service<\/p>\n\n\n\n<p>\u2022 Specialistr\u00e5dgivning<\/p>\n\n\n\n<p>\u2022 Garanti av de angivna v\u00e4rdena<\/p>\n\n\n\n<p>\u2022 Tillf\u00f6rlitlig, omg\u00e5ende leverans<\/p>\n\n\n\n<p>\u2022 Samarbete med v\u00e5ra kunder<\/p>\n\n\n\n<p>inom landet och utomlands<\/p>\n\n\n\n<p>har haft h\u00f6gsta prioritet f\u00f6r oss under 40 \u00e5r.<\/p>\n\n\n\n<p>Best\u00e4llning<\/p>\n\n\n\n<p>Via kontaktformul\u00e4ret<\/p>\n\n\n\n<p>Kontaktformul\u00e4r<br>\nvia e-post, fax eller post.<\/p>\n","protected":false},"excerpt":{"rendered":"<p>S\u00e4kerhetsdatablad ger information om hantering, lagring och transportf\u00f6reskrifter Service \u2022 Specialistr\u00e5dgivning \u2022 Garanti av de angivna v\u00e4rdena \u2022 Tillf\u00f6rlitlig, omg\u00e5ende leverans \u2022 Samarbete med v\u00e5ra kunder inom landet och utomlands har haft h\u00f6gsta prioritet f\u00f6r oss under 40 \u00e5r. Best\u00e4llning Via kontaktformul\u00e4ret Kontaktformul\u00e4r via e-post, fax eller post.<\/p>\n","protected":false},"author":1,"featured_media":0,"parent":0,"menu_order":0,"comment_status":"closed","ping_status":"closed","template":"","meta":{"footnotes":""},"class_list":["post-1721","page","type-page","status-publish","hentry"],"blocksy_meta":{"styles_descriptor":{"styles":{"desktop":"","tablet":"","mobile":""},"google_fonts":[],"version":6}},"featured_image_src":null,"featured_image_src_square":null,"_links":{"self":[{"href":"https:\/\/arcotest.info\/sv\/wp-json\/wp\/v2\/pages\/1721","targetHints":{"allow":["GET"]}}],"collection":[{"href":"https:\/\/arcotest.info\/sv\/wp-json\/wp\/v2\/pages"}],"about":[{"href":"https:\/\/arcotest.info\/sv\/wp-json\/wp\/v2\/types\/page"}],"author":[{"embeddable":true,"href":"https:\/\/arcotest.info\/sv\/wp-json\/wp\/v2\/users\/1"}],"replies":[{"embeddable":true,"href":"https:\/\/arcotest.info\/sv\/wp-json\/wp\/v2\/comments?post=1721"}],"version-history":[{"count":0,"href":"https:\/\/arcotest.info\/sv\/wp-json\/wp\/v2\/pages\/1721\/revisions"}],"wp:attachment":[{"href":"https:\/\/arcotest.info\/sv\/wp-json\/wp\/v2\/media?parent=1721"}],"curies":[{"name":"wp","href":"https:\/\/api.w.org\/{rel}","templated":true}]}}