{"id":1152,"date":"2019-04-23T09:15:57","date_gmt":"2019-04-23T07:15:57","guid":{"rendered":"https:\/\/arcotest.info\/iletisim\/"},"modified":"2024-03-12T09:39:23","modified_gmt":"2024-03-12T08:39:23","slug":"iletisim","status":"publish","type":"page","link":"https:\/\/arcotest.info\/tr\/iletisim\/","title":{"rendered":"\u0130leti\u015fim"},"content":{"rendered":"\n<div style=\"height:100px\" aria-hidden=\"true\" class=\"wp-block-spacer\"><\/div>\n\n\n\n<div class=\"wp-block-stackable-columns stk-block-columns stk-block stk-9374771\" data-block-id=\"9374771\"><div class=\"stk-row stk-inner-blocks stk-block-content stk-content-align stk-9374771-column\">\n<div class=\"wp-block-stackable-column stk-block-column stk-column stk-block stk-bdd6214\" data-v=\"4\" data-block-id=\"bdd6214\"><style>@media screen and (min-width:690px){.stk-bdd6214{flex:1 1 calc(33.33400000000002% - var(--stk-column-gap,0px) * 1 \/ 2 ) !important}}<\/style><div class=\"stk-column-wrapper stk-block-column__content stk-container stk-bdd6214-container stk--no-background stk--no-padding\"><div class=\"stk-block-content stk-inner-blocks stk-bdd6214-inner-blocks\">\n<div class=\"wp-block-stackable-columns stk-block-columns stk-block stk-451626b\" data-block-id=\"451626b\"><style>.stk-451626b{margin-bottom:63px !important}<\/style><div class=\"stk-row stk-inner-blocks stk-block-content stk-content-align stk-451626b-column\">\n<div class=\"wp-block-stackable-column stk-block-column stk-column stk-block stk-774215b\" data-v=\"4\" data-block-id=\"774215b\"><div class=\"stk-column-wrapper stk-block-column__content stk-container stk-774215b-container stk--no-background stk--no-padding\"><div class=\"stk-block-content stk-inner-blocks stk-774215b-inner-blocks\">\n<figure class=\"wp-block-image size-full\"><img loading=\"lazy\" decoding=\"async\" width=\"800\" height=\"180\" src=\"https:\/\/arcotest.info\/wp-content\/uploads\/2024\/03\/Almelek.webp\" alt=\"Almelek \" class=\"wp-image-86880\" style=\"object-fit:cover\" srcset=\"https:\/\/arcotest.info\/wp-content\/uploads\/2024\/03\/Almelek.webp 800w, https:\/\/arcotest.info\/wp-content\/uploads\/2024\/03\/Almelek-300x68.webp 300w, https:\/\/arcotest.info\/wp-content\/uploads\/2024\/03\/Almelek-150x34.webp 150w, https:\/\/arcotest.info\/wp-content\/uploads\/2024\/03\/Almelek-768x173.webp 768w\" sizes=\"auto, (max-width: 800px) 100vw, 800px\" \/><\/figure>\n\n\n\n<p><strong>ALMELEK MATBAA M\u00dcREKKEPLER\u0130 BOYA SAN. VE T\u0130C. A\u015e<\/strong><br>Tuzla Kimya Sanayicileri Organize San. B\u00f6l. Organik Cad. No: 55<br>34959 Tuzla \/ \u0130stanbul<br>T\u00fcrkiye<\/p>\n\n\n\n<p><a href=\"http:\/\/www.almelek.com\" target=\"_blank\" rel=\"noreferrer noopener\">www.almelek.com<\/a><br>contact@almelek.com<br>Tel: +90 216 593 08 25 <br>Fax:+90 216 593 28 98<\/p>\n<\/div><\/div><\/div>\n<\/div><\/div>\n\n\n\n<div class=\"wp-block-stackable-heading stk-block-heading stk-block-heading--v2 stk-block stk-5d714c4\" id=\"arcotest-gmb-h\" data-block-id=\"5d714c4\"><h2 class=\"stk-block-heading__text\">arcotest GmbH<\/h2><\/div>\n\n\n\n<figure class=\"wp-block-image size-large is-resized\"><img loading=\"lazy\" decoding=\"async\" width=\"1024\" height=\"557\" src=\"https:\/\/arcotest.info\/wp-content\/uploads\/2018\/09\/arcotest-Firma_-1024x557.jpg\" alt=\"arcotest GmbH\" class=\"wp-image-3739\" style=\"width:256px;height:139px\" srcset=\"https:\/\/arcotest.info\/wp-content\/uploads\/2018\/09\/arcotest-Firma_-1024x557.jpg 1024w, https:\/\/arcotest.info\/wp-content\/uploads\/2018\/09\/arcotest-Firma_-150x82.jpg 150w, https:\/\/arcotest.info\/wp-content\/uploads\/2018\/09\/arcotest-Firma_-300x163.jpg 300w, https:\/\/arcotest.info\/wp-content\/uploads\/2018\/09\/arcotest-Firma_-768x418.jpg 768w, https:\/\/arcotest.info\/wp-content\/uploads\/2018\/09\/arcotest-Firma_-260x142.jpg 260w, https:\/\/arcotest.info\/wp-content\/uploads\/2018\/09\/arcotest-Firma_-50x27.jpg 50w, https:\/\/arcotest.info\/wp-content\/uploads\/2018\/09\/arcotest-Firma_-138x75.jpg 138w, https:\/\/arcotest.info\/wp-content\/uploads\/2018\/09\/arcotest-Firma_-600x327.jpg 600w, https:\/\/arcotest.info\/wp-content\/uploads\/2018\/09\/arcotest-Firma_.jpg 1240w\" sizes=\"auto, (max-width: 1024px) 100vw, 1024px\" \/><\/figure>\n\n\n\n<div class=\"wp-block-stackable-text stk-block-text stk-block stk-a7df1b8\" data-block-id=\"a7df1b8\"><p class=\"stk-block-text__text\">Rotweg 25<br>71297 M\u00f6nsheim<br>Deutschland<\/p><\/div>\n\n\n\n<div class=\"wp-block-stackable-text stk-block-text stk-block stk-5a54fe4\" data-block-id=\"5a54fe4\"><p class=\"stk-block-text__text\">telefon +49 7044 902 270<br>faks +49 7044 902 269<\/p><\/div>\n\n\n\n<div class=\"wp-block-group is-nowrap is-layout-flex wp-container-core-group-is-layout-6c531013 wp-block-group-is-layout-flex\">\n<figure class=\"wp-block-image alignleft size-large is-resized\"><img loading=\"lazy\" decoding=\"async\" width=\"64\" height=\"64\" src=\"https:\/\/arcotest.info\/wp-content\/uploads\/2019\/12\/de.png\" alt=\"Deutschland\" class=\"wp-image-6278\" style=\"width:48px;height:48px\" srcset=\"https:\/\/arcotest.info\/wp-content\/uploads\/2019\/12\/de.png 64w, https:\/\/arcotest.info\/wp-content\/uploads\/2019\/12\/de-50x50.png 50w\" sizes=\"auto, (max-width: 64px) 100vw, 64px\" \/><\/figure>\n\n\n\n<figure class=\"wp-block-image alignleft size-large is-resized\"><img loading=\"lazy\" decoding=\"async\" width=\"64\" height=\"64\" src=\"https:\/\/arcotest.info\/wp-content\/uploads\/2020\/07\/uk.png\" alt=\"England\" class=\"wp-image-16127\" style=\"width:48px;height:48px\" srcset=\"https:\/\/arcotest.info\/wp-content\/uploads\/2020\/07\/uk.png 64w, https:\/\/arcotest.info\/wp-content\/uploads\/2020\/07\/uk-50x50.png 50w\" sizes=\"auto, (max-width: 64px) 100vw, 64px\" \/><\/figure>\n\n\n\n<figure class=\"wp-block-image alignleft size-large is-resized\"><img loading=\"lazy\" decoding=\"async\" width=\"64\" height=\"64\" src=\"https:\/\/arcotest.info\/wp-content\/uploads\/2019\/12\/fr.png\" alt=\"France\" class=\"wp-image-6314\" style=\"width:48px;height:48px\" srcset=\"https:\/\/arcotest.info\/wp-content\/uploads\/2019\/12\/fr.png 64w, https:\/\/arcotest.info\/wp-content\/uploads\/2019\/12\/fr-50x50.png 50w\" sizes=\"auto, (max-width: 64px) 100vw, 64px\" \/><\/figure>\n<\/div>\n<\/div><\/div><\/div>\n\n\n\n<div class=\"wp-block-stackable-column stk-block-column stk-column stk-block stk-8d04a9d\" data-v=\"4\" data-block-id=\"8d04a9d\"><div class=\"stk-column-wrapper stk-block-column__content stk-container stk-8d04a9d-container stk--no-background stk--no-padding\"><div class=\"stk-block-content stk-inner-blocks stk-8d04a9d-inner-blocks\"><\/div><\/div><\/div>\n\n\n\n<div class=\"wp-block-stackable-column stk-block-column stk-column stk-block stk-8df41c2\" data-v=\"4\" data-block-id=\"8df41c2\"><style>@media screen and (min-width:690px){.stk-8df41c2{flex:1 1 calc(66.666% - var(--stk-column-gap,0px) * 1 \/ 2 ) !important}}<\/style><div class=\"stk-column-wrapper stk-block-column__content stk-container stk-8df41c2-container stk--no-background stk--no-padding\"><div class=\"stk-block-content stk-inner-blocks stk-8df41c2-inner-blocks\">\n<h2 class=\"wp-block-heading\" id=\"h-anfragen-beratung-und-verkauf\">Sorular, tavsiyeler ve sat\u0131\u015flar<\/h2>\n\n\n\n<div class=\"wpcf7 no-js\" id=\"wpcf7-f1154-o1\" lang=\"de-DE\" dir=\"ltr\" data-wpcf7-id=\"1154\">\n<div class=\"screen-reader-response\"><p role=\"status\" aria-live=\"polite\" aria-atomic=\"true\"><\/p> <ul><\/ul><\/div>\n<form action=\"\/tr\/wp-json\/wp\/v2\/pages\/1152#wpcf7-f1154-o1\" method=\"post\" class=\"wpcf7-form init\" aria-label=\"Kontaktformular\" novalidate=\"novalidate\" data-status=\"init\">\n<fieldset class=\"hidden-fields-container\"><input type=\"hidden\" name=\"_wpcf7\" value=\"1154\" \/><input type=\"hidden\" name=\"_wpcf7_version\" value=\"6.1.5\" \/><input type=\"hidden\" name=\"_wpcf7_locale\" value=\"de_DE\" \/><input type=\"hidden\" name=\"_wpcf7_unit_tag\" value=\"wpcf7-f1154-o1\" \/><input type=\"hidden\" name=\"_wpcf7_container_post\" value=\"0\" \/><input type=\"hidden\" name=\"_wpcf7_posted_data_hash\" value=\"\" \/>\n<\/fieldset>\n<p><label> \u015eirket*<br \/>\n<span class=\"wpcf7-form-control-wrap\" data-name=\"firma\"><input size=\"40\" maxlength=\"400\" class=\"wpcf7-form-control wpcf7-text wpcf7-validates-as-required\" aria-required=\"true\" aria-invalid=\"false\" value=\"\" type=\"text\" name=\"firma\" \/><\/span><\/label>\n<\/p>\n<div>\n\t<div class=\"grid4\">\n\t\t<div>\n\t\t\t<p><label> \u0130lk ad\u0131*<br \/>\n<span class=\"wpcf7-form-control-wrap\" data-name=\"vor-name\"><input size=\"40\" maxlength=\"400\" class=\"wpcf7-form-control wpcf7-text wpcf7-validates-as-required\" aria-required=\"true\" aria-invalid=\"false\" value=\"\" type=\"text\" name=\"vor-name\" \/><\/span> <\/label>\n\t\t\t<\/p>\n\t\t<\/div>\n\t\t<div>\n\t\t\t<p><label> Soy isim*<br \/>\n<span class=\"wpcf7-form-control-wrap\" data-name=\"nach-name\"><input size=\"40\" maxlength=\"400\" class=\"wpcf7-form-control wpcf7-text wpcf7-validates-as-required\" aria-required=\"true\" aria-invalid=\"false\" value=\"\" type=\"text\" name=\"nach-name\" \/><\/span> <\/label>\n\t\t\t<\/p>\n\t\t<\/div>\n\t<\/div>\n\t<p><label> Sokak, ev numaras\u0131*<br \/>\n<span class=\"wpcf7-form-control-wrap\" data-name=\"strasse\"><input size=\"40\" maxlength=\"400\" class=\"wpcf7-form-control wpcf7-text wpcf7-validates-as-required\" aria-required=\"true\" aria-invalid=\"false\" value=\"\" type=\"text\" name=\"strasse\" \/><\/span><\/label>\n\t<\/p>\n\t<div>\n\t\t<div class=\"grid4\">\n\t\t\t<div>\n\t\t\t\t<p><label> Posta Kodu*<br \/>\n<span class=\"wpcf7-form-control-wrap\" data-name=\"plz\"><input size=\"40\" maxlength=\"400\" class=\"wpcf7-form-control wpcf7-text wpcf7-validates-as-required\" aria-required=\"true\" aria-invalid=\"false\" value=\"\" type=\"text\" name=\"plz\" \/><\/span><\/label>\n\t\t\t\t<\/p>\n\t\t\t<\/div>\n\t\t\t<div>\n\t\t\t\t<p><label> \u015eehir*<br \/>\n<span class=\"wpcf7-form-control-wrap\" data-name=\"stadt\"><input size=\"40\" maxlength=\"400\" class=\"wpcf7-form-control wpcf7-text wpcf7-validates-as-required\" aria-required=\"true\" aria-invalid=\"false\" value=\"\" type=\"text\" name=\"stadt\" \/><\/span><\/label>\n\t\t\t\t<\/p>\n\t\t\t<\/div>\n\t\t<\/div>\n\t\t<p><label> Ulus*<br \/>\n<span class=\"wpcf7-form-control-wrap\" data-name=\"land\"><input size=\"40\" maxlength=\"400\" class=\"wpcf7-form-control wpcf7-text wpcf7-validates-as-required\" aria-required=\"true\" aria-invalid=\"false\" value=\"\" type=\"text\" name=\"land\" \/><\/span><\/label>\n\t\t<\/p>\n\t\t<div>\n\t\t\t<div class=\"grid4\">\n\t\t\t\t<div>\n\t\t\t\t\t<p><label> E-Posta adresiniz*<br \/>\n<span class=\"wpcf7-form-control-wrap\" data-name=\"email-430\"><input size=\"40\" maxlength=\"400\" class=\"wpcf7-form-control wpcf7-email wpcf7-validates-as-required wpcf7-text wpcf7-validates-as-email\" aria-required=\"true\" aria-invalid=\"false\" value=\"\" type=\"email\" name=\"email-430\" \/><\/span><\/label>\n\t\t\t\t\t<\/p>\n\t\t\t\t<\/div>\n\t\t\t\t<div>\n\t\t\t\t\t<p><label> Telefon*<br \/>\n<span class=\"wpcf7-form-control-wrap\" data-name=\"tel-669\"><input size=\"40\" maxlength=\"400\" class=\"wpcf7-form-control wpcf7-tel wpcf7-validates-as-required wpcf7-text wpcf7-validates-as-tel\" aria-required=\"true\" aria-invalid=\"false\" value=\"\" type=\"tel\" name=\"tel-669\" \/><\/span><\/label>\n\t\t\t\t\t<\/p>\n\t\t\t\t<\/div>\n\t\t\t<\/div>\n\t\t\t<p><span id=\"wpcf7-69e77657705b8-wrapper\" class=\"wpcf7-form-control-wrap website-819-wrap\" ><label for=\"wpcf7-69e77657705b8-field\" class=\"hp-message\">Bitte lasse dieses Feld leer.<\/label><input id=\"wpcf7-69e77657705b8-field\"  class=\"wpcf7-form-control wpcf7-text\" type=\"text\" name=\"website-819\" value=\"\" size=\"40\" tabindex=\"-1\" autocomplete=\"new-password\" \/><\/span><br \/>\n<label> Konu*<br \/>\n<span class=\"wpcf7-form-control-wrap\" data-name=\"your-subject\"><input size=\"40\" maxlength=\"400\" class=\"wpcf7-form-control wpcf7-text\" aria-invalid=\"false\" value=\"\" type=\"text\" name=\"your-subject\" \/><\/span> <\/label><br \/>\n<span class=\"wpcf7-form-control-wrap\" data-name=\"checkbox-489\"><span class=\"wpcf7-form-control wpcf7-checkbox\"><span class=\"wpcf7-list-item first\"><input type=\"checkbox\" name=\"checkbox-489[]\" value=\"plastik\" \/><span class=\"wpcf7-list-item-label\">plastik<\/span><\/span><span class=\"wpcf7-list-item\"><input type=\"checkbox\" name=\"checkbox-489[]\" value=\"maden\" \/><span class=\"wpcf7-list-item-label\">maden<\/span><\/span><span class=\"wpcf7-list-item\"><input type=\"checkbox\" name=\"checkbox-489[]\" value=\"cam\" \/><span class=\"wpcf7-list-item-label\">cam<\/span><\/span><span class=\"wpcf7-list-item last\"><input type=\"checkbox\" name=\"checkbox-489[]\" value=\"di\u011fer y\u00fczeyler\" \/><span class=\"wpcf7-list-item-label\">di\u011fer y\u00fczeyler<\/span><\/span><\/span><\/span>\n\t\t\t<\/p>\n\t\t\t<p><label> Mesaj\u0131n\u0131z<br \/>\n<span class=\"wpcf7-form-control-wrap\" data-name=\"your-message\"><textarea cols=\"40\" rows=\"10\" maxlength=\"2000\" class=\"wpcf7-form-control wpcf7-textarea\" aria-invalid=\"false\" name=\"your-message\"><\/textarea><\/span> <\/label>\n\t\t\t<\/p>\n\t\t\t<p><span class=\"wpcf7-form-control-wrap\" data-name=\"acceptance-141\"><span class=\"wpcf7-form-control wpcf7-acceptance\"><span class=\"wpcf7-list-item\"><label><input type=\"checkbox\" name=\"acceptance-141\" value=\"1\" checked=\"checked\" aria-invalid=\"false\" \/><span class=\"wpcf7-list-item-label\">Onay formu \u0130leti\u015fim formu:\nEvet, gizlilik politikas\u0131n\u0131 okudum ve sa\u011flad\u0131\u011f\u0131m verilerin elektronik olarak toplanmas\u0131n\u0131 ve saklanmas\u0131n\u0131 kabul ediyorum. Verilerim, yaln\u0131zca iste\u011fimi i\u015fleme koymak ve yan\u0131tlamak i\u00e7in kesin bir \u015fekilde belirlenmi\u015f. \u0130leti\u015fim formunu g\u00f6ndererek i\u015flemeyi kabul ediyorum. Onay\u0131m\u0131 istedi\u011fim zaman iptal edebilirim.<\/span><\/label><\/span><\/span><\/span><br \/>\n<div class=\"h-captcha\" data-sitekey=\"f848e3d2-a8b2-4eb0-bc34-3102c288b6ee\" data-size=\"normal\" data-theme=\"light\" data-lang=\"tr\"><\/div><span class=\"wpcf7-form-control-wrap cf7apps-hcaptcha\" data-name=\"cf7apps-hcaptcha\"><input type=\"hidden\" name=\"cf7apps-hcaptcha\" value=\"\" class=\"wpcf7-form-control\"><\/span>\n\t\t\t<\/p>\n\t\t\t<p><input class=\"wpcf7-form-control wpcf7-submit has-spinner\" type=\"submit\" value=\"g\u00f6ndermek\" \/>\n\t\t\t<\/p>\n\t\t<\/div>\n\t<\/div>\n<\/div><div class=\"wpcf7-response-output\" aria-hidden=\"true\"><\/div>\n<\/form>\n<\/div>\n\n\n\n\n<p><\/p>\n<\/div><\/div><\/div>\n<\/div><\/div>\n\n\n\n<div class=\"wp-block-stackable-columns stk-block-columns stk-block stk-6f4cab9\" data-block-id=\"6f4cab9\"><div class=\"stk-row stk-inner-blocks stk-block-content stk-content-align stk-6f4cab9-column\">\n<div class=\"wp-block-stackable-column stk-block-column stk-column stk-block stk-635c6b5\" data-v=\"4\" data-block-id=\"635c6b5\"><div class=\"stk-column-wrapper stk-block-column__content stk-container stk-635c6b5-container stk--no-background stk--no-padding\"><div class=\"stk-block-content stk-inner-blocks stk-635c6b5-inner-blocks\"><\/div><\/div><\/div>\n<\/div><\/div>\n","protected":false},"excerpt":{"rendered":"<p>ALMELEK MATBAA M\u00dcREKKEPLER\u0130 BOYA SAN. VE T\u0130C. A\u015eTuzla Kimya Sanayicileri Organize San. B\u00f6l. Organik Cad. No: 5534959 Tuzla \/ \u0130stanbulT\u00fcrkiye www.almelek.comcontact@almelek.comTel: +90 216 593 08 25 Fax:+90 216 593 28 98 arcotest GmbH Rotweg 2571297 M\u00f6nsheimDeutschland telefon +49 7044 902 270faks +49 7044 902 269 Sorular, tavsiyeler ve sat\u0131\u015flar<\/p>\n","protected":false},"author":1,"featured_media":0,"parent":0,"menu_order":0,"comment_status":"closed","ping_status":"closed","template":"","meta":{"footnotes":""},"class_list":["post-1152","page","type-page","status-publish","hentry"],"blocksy_meta":{"styles_descriptor":{"styles":{"desktop":"","tablet":"","mobile":""},"google_fonts":[],"version":6}},"featured_image_src":null,"featured_image_src_square":null,"_links":{"self":[{"href":"https:\/\/arcotest.info\/tr\/wp-json\/wp\/v2\/pages\/1152","targetHints":{"allow":["GET"]}}],"collection":[{"href":"https:\/\/arcotest.info\/tr\/wp-json\/wp\/v2\/pages"}],"about":[{"href":"https:\/\/arcotest.info\/tr\/wp-json\/wp\/v2\/types\/page"}],"author":[{"embeddable":true,"href":"https:\/\/arcotest.info\/tr\/wp-json\/wp\/v2\/users\/1"}],"replies":[{"embeddable":true,"href":"https:\/\/arcotest.info\/tr\/wp-json\/wp\/v2\/comments?post=1152"}],"version-history":[{"count":0,"href":"https:\/\/arcotest.info\/tr\/wp-json\/wp\/v2\/pages\/1152\/revisions"}],"wp:attachment":[{"href":"https:\/\/arcotest.info\/tr\/wp-json\/wp\/v2\/media?parent=1152"}],"curies":[{"name":"wp","href":"https:\/\/api.w.org\/{rel}","templated":true}]}}