{"id":10094,"date":"2020-05-09T12:55:04","date_gmt":"2020-05-09T10:55:04","guid":{"rendered":"https:\/\/arcotest.info\/?page_id=10094"},"modified":"2022-09-22T16:43:18","modified_gmt":"2022-09-22T14:43:18","slug":"lien-he","status":"publish","type":"page","link":"https:\/\/arcotest.info\/vi\/lien-he\/","title":{"rendered":"Li\u00ean h\u1ec7"},"content":{"rendered":"\n<div style=\"height:54px\" aria-hidden=\"true\" class=\"wp-block-spacer\"><\/div>\n\n\n\n<h1 class=\"wp-block-heading\"><strong>Li\u00ean h\u1ec7<\/strong><\/h1>\n\n\n\n<div class=\"wp-block-columns is-layout-flex wp-container-core-columns-is-layout-28f84493 wp-block-columns-is-layout-flex\">\n<div class=\"wp-block-column is-layout-flow wp-block-column-is-layout-flow\" style=\"flex-basis:33.33%\">\n<h2 class=\"wp-block-heading\">arcotest GmbH<\/h2>\n\n\n\n<p>Rotweg 25<br>71297 Moensheim<br>\u0110\u1ee9c<\/p>\n\n\n\n<p><br>\u0110i\u1ec7n tho\u1ea1i +49 7044 902 270<br>Fax +49 7044 902 269<\/p>\n\n\n\n<section class=\"wp-block-uagb-columns uagb-columns__wrap uagb-columns__background-undefined uagb-columns__stack-mobile uagb-columns__valign-undefined uagb-columns__gap-10 alignundefined uagb-block-208e6d9d\"><div class=\"uagb-columns__overlay\"><\/div><div class=\"uagb-columns__inner-wrap uagb-columns__columns-4\">\n<div class=\"wp-block-uagb-column uagb-column__wrap uagb-column__background-undefined uagb-block-eb163daf\"><div class=\"uagb-column__overlay\"><\/div><div class=\"uagb-column__inner-wrap\">\n<figure class=\"wp-block-image size-large is-resized\"><img loading=\"lazy\" decoding=\"async\" src=\"https:\/\/arcotest.info\/wp-content\/uploads\/2020\/07\/uk.png\" alt=\"England\" class=\"wp-image-16128\" width=\"32\" height=\"32\" srcset=\"https:\/\/arcotest.info\/wp-content\/uploads\/2020\/07\/uk.png 64w, https:\/\/arcotest.info\/wp-content\/uploads\/2020\/07\/uk-50x50.png 50w\" sizes=\"auto, (max-width: 32px) 100vw, 32px\" \/><\/figure>\n<\/div><\/div>\n\n\n\n<div class=\"wp-block-uagb-column uagb-column__wrap uagb-column__background-undefined uagb-block-2fec70b1\"><div class=\"uagb-column__overlay\"><\/div><div class=\"uagb-column__inner-wrap\">\n<figure class=\"wp-block-image size-large is-resized\"><img loading=\"lazy\" decoding=\"async\" src=\"https:\/\/arcotest.info\/wp-content\/uploads\/2019\/12\/de.png\" alt=\"Deutschland\" class=\"wp-image-13881\" width=\"32\" height=\"32\" srcset=\"https:\/\/arcotest.info\/wp-content\/uploads\/2019\/12\/de.png 64w, https:\/\/arcotest.info\/wp-content\/uploads\/2019\/12\/de-50x50.png 50w\" sizes=\"auto, (max-width: 32px) 100vw, 32px\" \/><\/figure>\n<\/div><\/div>\n\n\n\n<div class=\"wp-block-uagb-column uagb-column__wrap uagb-column__background-undefined uagb-block-441ed00b\"><div class=\"uagb-column__overlay\"><\/div><div class=\"uagb-column__inner-wrap\">\n<figure class=\"wp-block-image size-large is-resized\"><img loading=\"lazy\" decoding=\"async\" src=\"https:\/\/arcotest.info\/wp-content\/uploads\/2019\/12\/fr.png\" alt=\"\" class=\"wp-image-13897\" width=\"32\" height=\"32\" srcset=\"https:\/\/arcotest.info\/wp-content\/uploads\/2019\/12\/fr.png 64w, https:\/\/arcotest.info\/wp-content\/uploads\/2019\/12\/fr-50x50.png 50w\" sizes=\"auto, (max-width: 32px) 100vw, 32px\" \/><\/figure>\n<\/div><\/div>\n\n\n\n<div class=\"wp-block-uagb-column uagb-column__wrap uagb-column__background-undefined uagb-block-43d4fb6c\"><div class=\"uagb-column__overlay\"><\/div><div class=\"uagb-column__inner-wrap\"><\/div><\/div>\n<\/div><\/section>\n\n\n\n<figure class=\"wp-block-image size-medium\"><img loading=\"lazy\" decoding=\"async\" width=\"300\" height=\"163\" src=\"https:\/\/arcotest.info\/wp-content\/uploads\/2018\/09\/arcotest-Firma_-300x163.jpg\" alt=\"arcotest GmbH\" class=\"wp-image-10096\" srcset=\"https:\/\/arcotest.info\/wp-content\/uploads\/2018\/09\/arcotest-Firma_-300x163.jpg 300w, https:\/\/arcotest.info\/wp-content\/uploads\/2018\/09\/arcotest-Firma_-150x82.jpg 150w, https:\/\/arcotest.info\/wp-content\/uploads\/2018\/09\/arcotest-Firma_-768x418.jpg 768w, https:\/\/arcotest.info\/wp-content\/uploads\/2018\/09\/arcotest-Firma_-1024x557.jpg 1024w, https:\/\/arcotest.info\/wp-content\/uploads\/2018\/09\/arcotest-Firma_-260x142.jpg 260w, https:\/\/arcotest.info\/wp-content\/uploads\/2018\/09\/arcotest-Firma_-50x27.jpg 50w, https:\/\/arcotest.info\/wp-content\/uploads\/2018\/09\/arcotest-Firma_-138x75.jpg 138w, https:\/\/arcotest.info\/wp-content\/uploads\/2018\/09\/arcotest-Firma_-600x327.jpg 600w, https:\/\/arcotest.info\/wp-content\/uploads\/2018\/09\/arcotest-Firma_.jpg 1240w\" sizes=\"auto, (max-width: 300px) 100vw, 300px\" \/><\/figure>\n<\/div>\n\n\n\n<div class=\"wp-block-column is-layout-flow wp-block-column-is-layout-flow\" style=\"flex-basis:66.66%\">\n<div class=\"wpcf7 no-js\" id=\"wpcf7-f10085-o1\" lang=\"de-DE\" dir=\"ltr\" data-wpcf7-id=\"10085\">\n<div class=\"screen-reader-response\"><p role=\"status\" aria-live=\"polite\" aria-atomic=\"true\"><\/p> <ul><\/ul><\/div>\n<form action=\"\/vi\/wp-json\/wp\/v2\/pages\/10094#wpcf7-f10085-o1\" method=\"post\" class=\"wpcf7-form init\" aria-label=\"Contact form\" novalidate=\"novalidate\" data-status=\"init\">\n<fieldset class=\"hidden-fields-container\"><input type=\"hidden\" name=\"_wpcf7\" value=\"10085\" \/><input type=\"hidden\" name=\"_wpcf7_version\" value=\"6.1.5\" \/><input type=\"hidden\" name=\"_wpcf7_locale\" value=\"de_DE\" \/><input type=\"hidden\" name=\"_wpcf7_unit_tag\" value=\"wpcf7-f10085-o1\" \/><input type=\"hidden\" name=\"_wpcf7_container_post\" value=\"0\" \/><input type=\"hidden\" name=\"_wpcf7_posted_data_hash\" value=\"\" \/>\n<\/fieldset>\n<p><label> T\u00ean c\u00f4ng ty<br \/>\n<span class=\"wpcf7-form-control-wrap\" data-name=\"firma\"><input size=\"40\" maxlength=\"400\" class=\"wpcf7-form-control wpcf7-text wpcf7-validates-as-required\" aria-required=\"true\" aria-invalid=\"false\" value=\"\" type=\"text\" name=\"firma\" \/><\/span><\/label>\n<\/p>\n<div>\n\t<div class=\"grid4\">\n\t\t<div>\n\t\t\t<p><label> T\u00ean<br \/>\n<span class=\"wpcf7-form-control-wrap\" data-name=\"vor-name\"><input size=\"40\" maxlength=\"400\" class=\"wpcf7-form-control wpcf7-text wpcf7-validates-as-required\" aria-required=\"true\" aria-invalid=\"false\" value=\"\" type=\"text\" name=\"vor-name\" \/><\/span> <\/label>\n\t\t\t<\/p>\n\t\t<\/div>\n\t\t<div>\n\t\t\t<p><label> H\u1ecd<br \/>\n<span class=\"wpcf7-form-control-wrap\" data-name=\"nach-name\"><input size=\"40\" maxlength=\"400\" class=\"wpcf7-form-control wpcf7-text wpcf7-validates-as-required\" aria-required=\"true\" aria-invalid=\"false\" value=\"\" type=\"text\" name=\"nach-name\" \/><\/span> <\/label>\n\t\t\t<\/p>\n\t\t<\/div>\n\t<\/div>\n\t<p><label> \u0110\u01b0\u1eddng, s\u1ed1 nh\u00e0*<br \/>\n<span class=\"wpcf7-form-control-wrap\" data-name=\"strasse\"><input size=\"40\" maxlength=\"400\" class=\"wpcf7-form-control wpcf7-text wpcf7-validates-as-required\" aria-required=\"true\" aria-invalid=\"false\" value=\"\" type=\"text\" name=\"strasse\" \/><\/span><\/label>\n\t<\/p>\n\t<div>\n\t\t<div class=\"grid4\">\n\t\t\t<div>\n\t\t\t\t<p><label> M\u00e3 b\u01b0u \u0111i\u1ec7n*<br \/>\n<span class=\"wpcf7-form-control-wrap\" data-name=\"plz\"><input size=\"40\" maxlength=\"400\" class=\"wpcf7-form-control wpcf7-text wpcf7-validates-as-required\" aria-required=\"true\" aria-invalid=\"false\" value=\"\" type=\"text\" name=\"plz\" \/><\/span><\/label>\n\t\t\t\t<\/p>\n\t\t\t<\/div>\n\t\t\t<div>\n\t\t\t\t<p><label> Th\u00e0nh ph\u1ed1*<br \/>\n<span class=\"wpcf7-form-control-wrap\" data-name=\"stadt\"><input size=\"40\" maxlength=\"400\" class=\"wpcf7-form-control wpcf7-text wpcf7-validates-as-required\" aria-required=\"true\" aria-invalid=\"false\" value=\"\" type=\"text\" name=\"stadt\" \/><\/span><\/label>\n\t\t\t\t<\/p>\n\t\t\t<\/div>\n\t\t<\/div>\n\t\t<p><label> T\u1ec9nh \/ Th\u00e0nh ph\u1ed1<br \/>\n<span class=\"wpcf7-form-control-wrap\" data-name=\"provinz\"><input size=\"40\" maxlength=\"400\" class=\"wpcf7-form-control wpcf7-text\" aria-invalid=\"false\" value=\"\" type=\"text\" name=\"provinz\" \/><\/span><\/label>\n\t\t<\/p>\n\t\t<div>\n\t\t\t<div class=\"grid4\">\n\t\t\t\t<div>\n\t\t\t\t\t<p><label> Vi\u1ec7t Nam*<br \/>\n<span class=\"wpcf7-form-control-wrap\" data-name=\"land\"><input size=\"40\" maxlength=\"400\" class=\"wpcf7-form-control wpcf7-text wpcf7-validates-as-required\" aria-required=\"true\" aria-invalid=\"false\" value=\"\" type=\"text\" name=\"land\" \/><\/span><\/label>\n\t\t\t\t\t<\/p>\n\t\t\t\t<\/div>\n\t\t\t\t<div>\n\t\t\t\t<\/div>\n\t\t\t<\/div>\n\t\t\t<div>\n\t\t\t\t<div class=\"grid4\">\n\t\t\t\t\t<div>\n\t\t\t\t\t\t<p><label> Email*<br \/>\n<span class=\"wpcf7-form-control-wrap\" data-name=\"email-430\"><input size=\"40\" maxlength=\"400\" class=\"wpcf7-form-control wpcf7-email wpcf7-validates-as-required wpcf7-text wpcf7-validates-as-email\" aria-required=\"true\" aria-invalid=\"false\" value=\"\" type=\"email\" name=\"email-430\" \/><\/span><\/label>\n\t\t\t\t\t\t<\/p>\n\t\t\t\t\t<\/div>\n\t\t\t\t\t<div>\n\t\t\t\t\t\t<p><label> \u0110i\u1ec7n tho\u1ea1i*<br \/>\n<span class=\"wpcf7-form-control-wrap\" data-name=\"tel-669\"><input size=\"40\" maxlength=\"400\" class=\"wpcf7-form-control wpcf7-tel wpcf7-validates-as-required wpcf7-text wpcf7-validates-as-tel\" aria-required=\"true\" aria-invalid=\"false\" value=\"\" type=\"tel\" name=\"tel-669\" \/><\/span><\/label>\n\t\t\t\t\t\t<\/p>\n\t\t\t\t\t<\/div>\n\t\t\t\t<\/div>\n\t\t\t\t<p><label> Website<br \/>\n<span class=\"wpcf7-form-control-wrap\" data-name=\"web\"><input size=\"40\" maxlength=\"400\" class=\"wpcf7-form-control wpcf7-text\" aria-invalid=\"false\" value=\"\" type=\"text\" name=\"web\" \/><\/span><\/label><br \/>\n<span id=\"wpcf7-69eb2d50764b8-wrapper\" class=\"wpcf7-form-control-wrap website-819-wrap\" ><label for=\"wpcf7-69eb2d50764b8-field\" class=\"hp-message\">Please leave this field empty.<\/label><input id=\"wpcf7-69eb2d50764b8-field\"  class=\"wpcf7-form-control wpcf7-text\" type=\"text\" name=\"website-819\" value=\"\" size=\"40\" tabindex=\"-1\" autocomplete=\"new-password\" \/><\/span><br \/>\n<label> M\u00f4n h\u1ecdc<br \/>\n<span class=\"wpcf7-form-control-wrap\" data-name=\"your-subject\"><input size=\"40\" maxlength=\"400\" class=\"wpcf7-form-control wpcf7-text\" aria-invalid=\"false\" value=\"\" type=\"text\" name=\"your-subject\" \/><\/span> <\/label><br \/>\n<span class=\"wpcf7-form-control-wrap\" data-name=\"checkbox-489\"><span class=\"wpcf7-form-control wpcf7-checkbox\"><span class=\"wpcf7-list-item first\"><input type=\"checkbox\" name=\"checkbox-489[]\" value=\"Nh\u1ef1a\" \/><span class=\"wpcf7-list-item-label\">Nh\u1ef1a<\/span><\/span><span class=\"wpcf7-list-item\"><input type=\"checkbox\" name=\"checkbox-489[]\" value=\"Kim lo\u1ea1i\" \/><span class=\"wpcf7-list-item-label\">Kim lo\u1ea1i<\/span><\/span><span class=\"wpcf7-list-item\"><input type=\"checkbox\" name=\"checkbox-489[]\" value=\"Th\u1ee7y tinh\" \/><span class=\"wpcf7-list-item-label\">Th\u1ee7y tinh<\/span><\/span><span class=\"wpcf7-list-item last\"><input type=\"checkbox\" name=\"checkbox-489[]\" value=\"C\u00e1c b\u1ec1 m\u1eb7t kh\u00e1c\" \/><span class=\"wpcf7-list-item-label\">C\u00e1c b\u1ec1 m\u1eb7t kh\u00e1c<\/span><\/span><\/span><\/span>\n\t\t\t\t<\/p>\n\t\t\t\t<p><label> Th\u00f4ng b\u00e1o c\u1ee7a qu\u00fd v\u1ecb<br \/>\n<span class=\"wpcf7-form-control-wrap\" data-name=\"your-message\"><textarea cols=\"40\" rows=\"10\" maxlength=\"2000\" class=\"wpcf7-form-control wpcf7-textarea\" aria-invalid=\"false\" name=\"your-message\"><\/textarea><\/span> <\/label><br \/>\nC\u00e1c tr\u01b0\u1eddng c\u00f3 * l\u00e0 b\u1eaft bu\u1ed9c\n\t\t\t\t<\/p>\n\t\t\t\t<p>M\u00e3 s\u1ed1 thu\u1ebf<br \/>\n<span class=\"wpcf7-form-control-wrap\" data-name=\"acceptance-141\"><span class=\"wpcf7-form-control wpcf7-acceptance\"><span class=\"wpcf7-list-item\"><label><input type=\"checkbox\" name=\"acceptance-141\" value=\"1\" checked=\"checked\" aria-invalid=\"false\" \/><span class=\"wpcf7-list-item-label\">Tuy\u00ean b\u1ed1 \u0111\u1ed3ng \u00fd v\u1edbi m\u1eabu li\u00ean l\u1ea1c: V\u00e2ng, t\u00f4i \u0111\u00e3 hi\u1ec3u tuy\u00ean b\u1ed1 b\u1ea3o m\u1eadt d\u1eef li\u1ec7u v\u00e0 t\u00f4i \u0111\u1ed3ng \u00fd r\u1eb1ng d\u1eef li\u1ec7u t\u00f4i cung c\u1ea5p s\u1ebd \u0111\u01b0\u1ee3c thu th\u1eadp v\u00e0 l\u01b0u tr\u1eef \u0111i\u1ec7n t\u1eed. D\u1eef li\u1ec7u c\u1ee7a t\u00f4i s\u1ebd ch\u1ec9 \u0111\u01b0\u1ee3c s\u1eed d\u1ee5ng \u0111\u00fang m\u1ee5c \u0111\u00edch \u0111\u1ec3 x\u1eed l\u00fd v\u00e0 tr\u1ea3 l\u1eddi th\u01b0 y\u00eau c\u1ea7u c\u1ee7a t\u00f4i. B\u1eb1ng c\u00e1ch g\u1eedi m\u1eabu li\u00ean l\u1ea1c n\u00e0y, t\u00f4i \u0111\u1ed3ng \u00fd cho ph\u00e9p x\u1eed l\u00fd. T\u00f4i c\u00f3 th\u1ec3 r\u00fat l\u1ea1i s\u1ef1 \u0111\u1ed3ng \u00fd c\u1ee7a t\u00f4i b\u1ea5t c\u1ee9 l\u00fac n\u00e0o.<\/span><\/label><\/span><\/span><\/span><br \/>\n<div class=\"h-captcha\" data-sitekey=\"f848e3d2-a8b2-4eb0-bc34-3102c288b6ee\" data-size=\"normal\" data-theme=\"light\" data-lang=\"vi\"><\/div><span class=\"wpcf7-form-control-wrap cf7apps-hcaptcha\" data-name=\"cf7apps-hcaptcha\"><input type=\"hidden\" name=\"cf7apps-hcaptcha\" value=\"\" class=\"wpcf7-form-control\"><\/span><br \/>\n<input class=\"wpcf7-form-control wpcf7-submit has-spinner\" type=\"submit\" value=\"V\u1ec1\" \/>\n\t\t\t\t<\/p>\n\t\t\t<\/div>\n\t\t<\/div>\n\t<\/div>\n<\/div><div class=\"wpcf7-response-output\" aria-hidden=\"true\"><\/div>\n<\/form>\n<\/div>\n\n<\/div>\n<\/div>\n","protected":false},"excerpt":{"rendered":"<p>Li\u00ean h\u1ec7 arcotest GmbH Rotweg 2571297 Moensheim\u0110\u1ee9c \u0110i\u1ec7n tho\u1ea1i +49 7044 902 270Fax +49 7044 902 269<\/p>\n","protected":false},"author":1,"featured_media":0,"parent":0,"menu_order":0,"comment_status":"closed","ping_status":"closed","template":"","meta":{"footnotes":""},"class_list":["post-10094","page","type-page","status-publish","hentry"],"blocksy_meta":{"styles_descriptor":{"styles":{"desktop":"","tablet":"","mobile":""},"google_fonts":[],"version":6}},"featured_image_src":null,"featured_image_src_square":null,"_links":{"self":[{"href":"https:\/\/arcotest.info\/vi\/wp-json\/wp\/v2\/pages\/10094","targetHints":{"allow":["GET"]}}],"collection":[{"href":"https:\/\/arcotest.info\/vi\/wp-json\/wp\/v2\/pages"}],"about":[{"href":"https:\/\/arcotest.info\/vi\/wp-json\/wp\/v2\/types\/page"}],"author":[{"embeddable":true,"href":"https:\/\/arcotest.info\/vi\/wp-json\/wp\/v2\/users\/1"}],"replies":[{"embeddable":true,"href":"https:\/\/arcotest.info\/vi\/wp-json\/wp\/v2\/comments?post=10094"}],"version-history":[{"count":0,"href":"https:\/\/arcotest.info\/vi\/wp-json\/wp\/v2\/pages\/10094\/revisions"}],"wp:attachment":[{"href":"https:\/\/arcotest.info\/vi\/wp-json\/wp\/v2\/media?parent=10094"}],"curies":[{"name":"wp","href":"https:\/\/api.w.org\/{rel}","templated":true}]}}